{"id":86,"date":"2022-09-16T12:25:36","date_gmt":"2022-09-16T12:25:36","guid":{"rendered":"https:\/\/2teach-2touch.erasmus.site\/?page_id=86"},"modified":"2023-08-01T18:51:04","modified_gmt":"2023-08-01T18:51:04","slug":"partnership","status":"publish","type":"page","link":"https:\/\/2teach-2touch.erasmus.site\/de\/partnership\/","title":{"rendered":"Partnerschaft"},"content":{"rendered":"<p><\/p>\n<h2><img fetchpriority=\"high\" decoding=\"async\" class=\"size-full wp-image-88 aligncenter\" src=\"https:\/\/2teach-2touch.erasmus.site\/wp-content\/uploads\/2022\/09\/europass.png\" alt=\"\" width=\"300\" height=\"300\" srcset=\"https:\/\/2teach-2touch.erasmus.site\/wp-content\/uploads\/2022\/09\/europass.png 300w, https:\/\/2teach-2touch.erasmus.site\/wp-content\/uploads\/2022\/09\/europass-150x150.png 150w\" sizes=\"(max-width: 300px) 100vw, 300px\" \/><\/h2>\n<h2 style=\"text-align: center;\">Projektkoordinator: EBB Europass Berlin Beratungsb\u00fcro GmbH &#8211; Deutschland<\/h2>\n<p>EBB Europass Berlin Beratungsb\u00fcro GmbH ist ein zertifiziertes Bildungszentrum mit Sitz in Berlin. EBB bietet u.a. internationale Trainingskurse f\u00fcr Erwachsene und Schulpersonal an.<\/p>\n<p>Unsere Organisation ist au\u00dferdem im Bereich der Mobilit\u00e4tsprogramme auf lokaler, regionaler, nationaler, europ\u00e4ischer und internationaler Ebene t\u00e4tig. Europass Berlin GmbH besch\u00e4ftigt sich mit der beruflichen Aus- und Weiterbildung von Lernenden, Schulpersonal und Auszubildenden und f\u00f6rdert deren berufliche, kulturelle und pers\u00f6nliche Kenntnisse.<\/p>\n<p>Dar\u00fcber hinaus entwickelt Europass Berlin GmbH Aktivit\u00e4ten und Projekte, die sich an Menschen mit Migrations- und Einwanderungshintergrund richten\u00a0, mit dem Ziel, ihre Integration und soziale Eingliederung in die EU-L\u00e4nder zu f\u00f6rdern.<\/p>\n<p>Die Europass Berlin GmbH ist Antragsteller und Partner f\u00fcr Mobilit\u00e4tsprojekte in Zusammenarbeit mit verschiedenen deutschen, europ\u00e4ischen und internationalen Bildungseinrichtungen und Unternehmen mit dem Ziel, die berufliche Bildung durch Praktika und Ausbildungen f\u00fcr Sch\u00fcler, Auszubildende, Lehrer und Fachkr\u00e4fte im In- und Ausland zu unterst\u00fctzen.<\/p>\n<p>Die Arbeit der Organisation wird durch EU-F\u00f6rderprogramme unterst\u00fctzt, haupts\u00e4chlich durch Erasmus+. Die Europass Berlin GmbH k\u00fcmmert sich um alle Aspekte der Mobilit\u00e4t und fungiert als Projektantragsteller und Partner f\u00fcr EU-gef\u00f6rderte Projekte.<\/p>\n<p>Die Europass Berlin GmbH bietet auch Sprach- und Trainingskurse f\u00fcr Sch\u00fcler und Schulpersonal an.<\/p>\n<p>Zu unseren Partner-EU-F\u00f6rderprogrammen geh\u00f6ren Erasmus+, PON und ErasmusPro.<\/p>\n<p>Website: <a href=\"https:\/\/www.europassberlin.com\/\">https:\/\/www.europassberlin.com\/<\/a><br \/>\nFacebook: <a href=\"https:\/\/www.facebook.com\/EuropassBerlinLanguageSchool\">https:\/\/www.facebook.com\/EuropassBerlinLanguageSchool<\/a><br \/>\nInstagram: <a href=\"https:\/\/www.instagram.com\/europassberlin\/\">https:\/\/www.instagram.com\/europassberlin\/<\/a><\/p>\n<hr \/>\n<h2><img decoding=\"async\" class=\"wp-image-90 size-full aligncenter\" src=\"https:\/\/2teach-2touch.erasmus.site\/wp-content\/uploads\/2022\/09\/danmar.png\" alt=\"\" width=\"300\" height=\"300\" srcset=\"https:\/\/2teach-2touch.erasmus.site\/wp-content\/uploads\/2022\/09\/danmar.png 300w, https:\/\/2teach-2touch.erasmus.site\/wp-content\/uploads\/2022\/09\/danmar-150x150.png 150w\" sizes=\"(max-width: 300px) 100vw, 300px\" \/><\/h2>\n<h2 style=\"text-align: center;\"><strong>Danmar Computers &#8211; Polen<\/strong><\/h2>\n<p>Danmar Computers ist ein privates Unternehmen, das im Bereich der Informationstechnologie t\u00e4tig ist und Erfahrung in der Entwicklung moderner Web- und mobiler Anwendungen hat, die f\u00fcr Bildungszwecke eingesetzt werden. DANMAR ist auch ein Anbieter von beruflicher Aus- und Weiterbildung im IT-Bereich mit langj\u00e4hriger Erfahrung in der Durchf\u00fchrung von europ\u00e4ischen Projekten, die den Bed\u00fcrfnissen verschiedener Zielgruppen entsprechen. In 20 Jahren hat das Unternehmen \u00fcber 160 Projekte im Rahmen von Grundtvig, Leonardo da Vinci, Progress, HORIZON2020 und k\u00fcrzlich Erasmus+ erfolgreich durchgef\u00fchrt. Bei vielen dieser Projekte war DANMAR f\u00fcr die Gestaltung und Koordinierung von Verbreitungsstrategien verantwortlich. Danmar Computers ist auch der Entwickler und Anbieter von AdminProject, dem europ\u00e4ischen Online-Projektmanagementsystem.<\/p>\n<p>Die Aufgabe von Danmar Computers ist die F\u00f6rderung des lebenslangen Lernens und die Sicherstellung des gleichberechtigten Zugangs zur Bildung f\u00fcr alle durch den Einsatz moderner Technologie.<\/p>\n<p>Website: <a href=\"https:\/\/danmar-computers.com.pl\/en\/\">https:\/\/danmar-computers.com.pl\/en\/<\/a><br \/>\nLinkedIn: <a href=\"https:\/\/www.linkedin.com\/company\/danmar-computers\">https:\/\/www.linkedin.com\/company\/danmar-computers<\/a><br \/>\nFacebook: <a href=\"https:\/\/www.facebook.com\/DanmarComputersEU\">https:\/\/www.facebook.com\/DanmarComputersEU<\/a><br \/>\nTwitter: <a href=\"https:\/\/twitter.com\/DanmarComputers\">https:\/\/twitter.com\/DanmarComputers<\/a><\/p>\n<hr \/>\n<h2><img decoding=\"async\" class=\"size-full wp-image-92 aligncenter\" src=\"https:\/\/2teach-2touch.erasmus.site\/wp-content\/uploads\/2022\/09\/sbtc.png\" alt=\"\" width=\"300\" height=\"300\" srcset=\"https:\/\/2teach-2touch.erasmus.site\/wp-content\/uploads\/2022\/09\/sbtc.png 300w, https:\/\/2teach-2touch.erasmus.site\/wp-content\/uploads\/2022\/09\/sbtc-150x150.png 150w\" sizes=\"(max-width: 300px) 100vw, 300px\" \/><\/h2>\n<h2 style=\"text-align: center;\"><strong>Solution Based Training &amp; Consultancy (SBTC) &#8211; T\u00fcrkei<\/strong><\/h2>\n<p>Solution Based Training &amp; Consultancy (SBTC) hat eine Reihe von Beratungsdienstleistungen entwickelt, die von unabh\u00e4ngiger Beratung bis zur Beratung bei der Bew\u00e4ltigung des Wandels am Arbeitsplatz f\u00fcr die Bed\u00fcrfnisse sowohl der Arbeitgeber als auch der Arbeitnehmer reichen. SBTC bietet L\u00f6sungen f\u00fcr die spezifischen Probleme seiner Zielgruppen, indem es ma\u00dfgeschneiderte L\u00f6sungen f\u00fcr verschiedene Bereiche des Unternehmertums einschlie\u00dflich des sozialen Unternehmertums entwickelt.<\/p>\n<p>Die Hauptaspekte dieser Beratungsdienste umfassen jeden Teil des Gesch\u00e4ftsspektrums, einschlie\u00dflich der Unterst\u00fctzung und F\u00f6rderung der beruflichen Bildung und des lebenslangen Lernens, der Organisation der internationalen Zusammenarbeit mit \u00e4hnlichen Organisationen, der Entwicklung und F\u00f6rderung von L\u00f6sungen in der \u00d6ffentlichkeit, der Stimulierung kreativer Arbeiten durch Anerkennung und andere Formen der Motivation und des kulturellen Erbes. SBTC ber\u00e4t seine Kunden direkt, bietet interne und \u00f6ffentliche Schulungskurse an und ber\u00e4t lokale Beh\u00f6rden und Organisationen bei Ver\u00e4nderungen.<\/p>\n<p>Au\u00dferdem f\u00f6rdert und sch\u00fctzt SBTC als Beratungsunternehmen in seiner Region das Wohlergehen und die Existenz unseres Welterbes, der Kultur und der Vielfalt. Durch die Bereitstellung nachhaltiger und langfristiger L\u00f6sungen f\u00fcr immaterielle und materielle Kulturerbe-Projekte erhalten die Anteilseigner und Stakeholder von SBTC echte Ergebnisse, die auch die Authentizit\u00e4t und Integrit\u00e4t ihrer Kulturerbe-Projekte umfassen.<\/p>\n<hr \/>\n<h2><img loading=\"lazy\" decoding=\"async\" class=\"wp-image-94 size-full aligncenter\" src=\"https:\/\/2teach-2touch.erasmus.site\/wp-content\/uploads\/2022\/09\/adm.png\" alt=\"\" width=\"300\" height=\"300\" srcset=\"https:\/\/2teach-2touch.erasmus.site\/wp-content\/uploads\/2022\/09\/adm.png 300w, https:\/\/2teach-2touch.erasmus.site\/wp-content\/uploads\/2022\/09\/adm-150x150.png 150w\" sizes=\"(max-width: 300px) 100vw, 300px\" \/><\/h2>\n<h2 style=\"text-align: center;\"><strong>Archivio della Memoria &#8211; Italien<\/strong><\/h2>\n<p>Archivio della Memoria ist eine im Mai 2002 gegr\u00fcndete kulturelle Vereinigung mit Sitz in Rom, Italien. Sie hat sich auf die Durchf\u00fchrung sozialer, historischer, anthropologischer und marktbezogener Forschungen sowie auf die Erstellung hochinnovativer multimedialer Hilfsmittel im Auftrag von Universit\u00e4ten, \u00f6ffentlichen Einrichtungen und privaten Organisationen spezialisiert.<\/p>\n<p>AdM f\u00fchrt auch Digital Storytelling-Aktivit\u00e4ten im Rahmen anthropologischer, soziologischer, historischer und umweltbezogener Forschung durch, um Kulturen, Traditionen, lokales Wissen und Realit\u00e4ten, die von Marginalisierung bedroht sind, zu dokumentieren, wiederzugewinnen und aufzuwerten. Dabei werden die Geschichten des Einzelnen und der Gemeinschaft, die in spezifischen historisch-\u00f6kologischen Kontexten leben, durch ihre eigenen Worte erz\u00e4hlt.<\/p>\n<p>In enger Zusammenarbeit mit \u00f6ffentlichen und privaten Organisationen, akademischen und institutionellen Einrichtungen wie der Region Latium und der Stadt Rom wurden im Laufe der Jahre zahlreiche Forschungs- und Kommunikationsprojekte sowie Kampagnen f\u00fcr den schulischen und universit\u00e4ren Kontext entwickelt.<\/p>\n<p>Im Jahr 2006 begann Archivio della Memoria eine enge Zusammenarbeit mit der Universit\u00e4t Tor Vergata bei der Planung und Realisierung von Torvergata.tv, dem Web-TV-Kanal der Universit\u00e4t. Torvergata.tv hat mehr als tausend Videos produziert und mehr als 50 Studenten aus den sechs Fakult\u00e4ten der Universit\u00e4t durch eine Reihe von Praktika in den Bereichen Kommunikation und Journalismus ausgebildet.<\/p>\n<p>Website: <a href=\"https:\/\/www.archiviodellamemoria.it\/\">https:\/\/www.archiviodellamemoria.it\/<\/a><\/p>\n<hr \/>\n<h2><img loading=\"lazy\" decoding=\"async\" class=\"aligncenter wp-image-95 size-full\" src=\"https:\/\/2teach-2touch.erasmus.site\/wp-content\/uploads\/2022\/09\/elc.png\" alt=\"\" width=\"300\" height=\"300\" srcset=\"https:\/\/2teach-2touch.erasmus.site\/wp-content\/uploads\/2022\/09\/elc.png 300w, https:\/\/2teach-2touch.erasmus.site\/wp-content\/uploads\/2022\/09\/elc-150x150.png 150w\" sizes=\"(max-width: 300px) 100vw, 300px\" \/><\/h2>\n<h2 style=\"text-align: center;\"><strong>European Learning Centre &#8211; Spanien<\/strong><\/h2>\n<p>European Learning Centre geh\u00f6rt zu einem Netzwerk von vier Schulungszentren in der l\u00e4ndlichen Region der C\u00e1diz-Berge in S\u00fcdspanien und einem Verwaltungsb\u00fcro in Madrid, Spanien. Unsere wichtigsten Ausbildungsbereiche sind das Erlernen von Sprachen, IKT und die berufliche Weiterbildung. Unsere Region kann allgemein als industriell gepr\u00e4gt beschrieben werden (Lederherstellung, Landwirtschaft, haupts\u00e4chlich), geografisch isoliert und mit einer der h\u00f6chsten Arbeitslosenquoten in Spanien.<\/p>\n<p>Unsere Einrichtungen arbeiten in erster Linie mit Jugendlichen und unterrepr\u00e4sentierten Gruppen wie Einwanderern und Fl\u00fcchtlingen, aber auch mit Erwachsenen aus der lokalen und regionalen Gemeinschaft, die sich in einem nicht-formalen Kontext weiterbilden m\u00f6chten. Die Akkreditierung und Zertifizierung der erhaltenen Ausbildung wird mit \u00f6ffentlichen Mitteln bezuschusst.<\/p>\n<p>Als Teil dieses bereits erw\u00e4hnten Netzwerks privater und \u00f6ffentlicher Partnerschaften konnten wir zahlreiche Initiativen zur Umwelterziehung, zur Integration unterrepr\u00e4sentierter Gruppen und zur spezifischen Ausbildung in den Bereichen digitale F\u00e4higkeiten, Sprachen und soziale Eingliederung durchf\u00fchren. In den letzten 10 Jahren hat das ELC<\/p>\n<p>im Bereich der Erwachsenenbildung eng mit CEPER-7V zusammen, dem st\u00e4ndigen Netzwerk der Volkshochschulen in unserer Region. Eine weitere wichtige Zusammenarbeit besteht derzeit zwischen dem ELC und einem Konsortium lokaler Beh\u00f6rden (Rathaus), dem Jugendinformationsb\u00fcro und dem gro\u00dfen Verband der KMU in unserer Region. Das Hauptziel dieses k\u00fcrzlich gegr\u00fcndeten Konsortiums ist es, arbeitslosen Jugendlichen bei der Arbeitssuche zu helfen und die f\u00fcr Jugendliche und Erwachsene in unserer Region verf\u00fcgbaren Informationen besser zu verbreiten.<\/p>\n<p>Website: <a href=\"https:\/\/europeanlc.es\/en\/\">https:\/\/europeanlc.es\/en\/<\/a><br \/>\nFacebook: <a href=\"https:\/\/www.facebook.com\/europeanlearningcenter\">https:\/\/www.facebook.com\/europeanlearningcenter<\/a><\/p>\n<hr \/>\n<h2><img loading=\"lazy\" decoding=\"async\" class=\"wp-image-96 size-full aligncenter\" src=\"https:\/\/2teach-2touch.erasmus.site\/wp-content\/uploads\/2022\/09\/tus.png\" alt=\"\" width=\"300\" height=\"300\" srcset=\"https:\/\/2teach-2touch.erasmus.site\/wp-content\/uploads\/2022\/09\/tus.png 300w, https:\/\/2teach-2touch.erasmus.site\/wp-content\/uploads\/2022\/09\/tus-150x150.png 150w\" sizes=\"(max-width: 300px) 100vw, 300px\" \/><\/h2>\n<h2 style=\"text-align: center;\">Technological University of the Shannon &#8211; Irland<\/h2>\n<p>Technological University of the Shannon: Midlands Midwest &#8211; ist eine Multi-Campus-Universit\u00e4t, die sich auf sechs Colleges in der Region Midwest und Midlands in Irland verteilt. Die TUS wurde am 1. Oktober 2021 gegr\u00fcndet. Mit \u00fcber 14 500 Studierenden, 1200 Mitarbeitern und Standorten in Athlone, Clare, Limerick und Tipperary profitiert die TUS von einer bereits starken und lebendigen Geschichte der Bildung und des Lernens in der Region und spielt eine wichtige Rolle bei der Erhaltung und Verbesserung dieser Identit\u00e4t f\u00fcr kommende Generationen.<\/p>\n<p>An der TUS konzentrieren wir uns klar darauf, den sich entwickelnden Bed\u00fcrfnissen von Gesellschaft und Industrie durch angewandtes Lernen und innovatives Denken gerecht zu werden. Indem wir die individuellen Bed\u00fcrfnisse der Studierenden in den Mittelpunkt stellen, legt die TUS den Schwerpunkt auf Zug\u00e4nglichkeit und Chancen f\u00fcr alle. Wenn wir diese Philosophie, bei der die Studierenden im Mittelpunkt stehen, mit dem Denken der n\u00e4chsten Generation kombinieren, k\u00f6nnen wir unsere Region durch Bildung, Forschung und wirtschaftliche Zusammenarbeit voranbringen.<\/p>\n<p>Durch die Bereitstellung von qualitativ hochwertigen Absolventen und eines zus\u00e4tzlichen Schwerpunkts f\u00fcr Wachstum und Innovation k\u00f6nnen wir die regionale Entwicklung einen gro\u00dfen Schritt voranbringen. Der kontinuierliche Fokus auf Partnerschaften, Innovation und Flexibilit\u00e4t zeigt, dass die TUS die Bedeutung der Zusammenarbeit mit den wichtigsten Interessengruppen in Industrie und Gesellschaft versteht. Und mit Hunderten von Kursen pro Jahr in vier Regionen hat die Geschichte gerade erst begonnen.<\/p>\n<p>Website: <a href=\"https:\/\/tus.ie\">https:\/\/tus.ie<\/a><br \/>\nFacebook: <a href=\"https:\/\/www.facebook.com\/TUoftheShannon\">https:\/\/www.facebook.com\/TUoftheShannon<\/a><br \/>\nLinkedIn: <a href=\"https:\/\/www.linkedin.com\/school\/tus-ie\/\">https:\/\/www.linkedin.com\/school\/tus-ie\/<\/a><\/p>","protected":false},"excerpt":{"rendered":"<p>Projektkoordinator: EBB Europass Berlin Beratungsb\u00fcro GmbH &#8211; Deutschland EBB Europass Berlin Beratungsb\u00fcro GmbH ist ein zertifiziertes Bildungszentrum mit Sitz in Berlin. EBB bietet u.a. internationale Trainingskurse f\u00fcr Erwachsene und Schulpersonal an. Unsere Organisation ist au\u00dferdem im Bereich der Mobilit\u00e4tsprogramme auf lokaler, regionaler, nationaler, europ\u00e4ischer und internationaler Ebene t\u00e4tig. Europass Berlin GmbH besch\u00e4ftigt sich mit der&hellip;&nbsp;<\/p>\n","protected":false},"author":1,"featured_media":0,"parent":0,"menu_order":0,"comment_status":"closed","ping_status":"closed","template":"","meta":{"neve_meta_sidebar":"","neve_meta_container":"","neve_meta_enable_content_width":"off","neve_meta_content_width":100,"neve_meta_title_alignment":"","neve_meta_author_avatar":"","neve_post_elements_order":"","neve_meta_disable_header":"","neve_meta_disable_footer":"","neve_meta_disable_title":"","footnotes":""},"class_list":["post-86","page","type-page","status-publish","hentry"],"_links":{"self":[{"href":"https:\/\/2teach-2touch.erasmus.site\/de\/wp-json\/wp\/v2\/pages\/86","targetHints":{"allow":["GET"]}}],"collection":[{"href":"https:\/\/2teach-2touch.erasmus.site\/de\/wp-json\/wp\/v2\/pages"}],"about":[{"href":"https:\/\/2teach-2touch.erasmus.site\/de\/wp-json\/wp\/v2\/types\/page"}],"author":[{"embeddable":true,"href":"https:\/\/2teach-2touch.erasmus.site\/de\/wp-json\/wp\/v2\/users\/1"}],"replies":[{"embeddable":true,"href":"https:\/\/2teach-2touch.erasmus.site\/de\/wp-json\/wp\/v2\/comments?post=86"}],"version-history":[{"count":10,"href":"https:\/\/2teach-2touch.erasmus.site\/de\/wp-json\/wp\/v2\/pages\/86\/revisions"}],"predecessor-version":[{"id":213,"href":"https:\/\/2teach-2touch.erasmus.site\/de\/wp-json\/wp\/v2\/pages\/86\/revisions\/213"}],"wp:attachment":[{"href":"https:\/\/2teach-2touch.erasmus.site\/de\/wp-json\/wp\/v2\/media?parent=86"}],"curies":[{"name":"wp","href":"https:\/\/api.w.org\/{rel}","templated":true}]}}