{"id":86,"date":"2022-09-16T12:25:36","date_gmt":"2022-09-16T12:25:36","guid":{"rendered":"https:\/\/2teach-2touch.erasmus.site\/?page_id=86"},"modified":"2023-08-01T18:51:04","modified_gmt":"2023-08-01T18:51:04","slug":"partnership","status":"publish","type":"page","link":"https:\/\/2teach-2touch.erasmus.site\/es\/partnership\/","title":{"rendered":"Consorcio"},"content":{"rendered":"<p><\/p>\n<h2><img fetchpriority=\"high\" decoding=\"async\" class=\"size-full wp-image-88 aligncenter\" src=\"https:\/\/2teach-2touch.erasmus.site\/wp-content\/uploads\/2022\/09\/europass.png\" alt=\"\" width=\"300\" height=\"300\" srcset=\"https:\/\/2teach-2touch.erasmus.site\/wp-content\/uploads\/2022\/09\/europass.png 300w, https:\/\/2teach-2touch.erasmus.site\/wp-content\/uploads\/2022\/09\/europass-150x150.png 150w\" sizes=\"(max-width: 300px) 100vw, 300px\" \/><\/h2>\n<h2 style=\"text-align: center;\">Coordinadores del proyecto: EBB Europass Berlin Beratungsb\u00fcro GmbH &#8211; Alemania<\/h2>\n<p>EBB Europass Berlin Beratungsb\u00fcro GmbH es un centro de formaci\u00f3n certificado con sede en Berl\u00edn. EBB ofrece, entre otros, cursos de formaci\u00f3n internacionales para adultos y personal escolar.<br \/>\nNuestra organizaci\u00f3n tambi\u00e9n est\u00e1 activa en el campo de los programas de movilidad a nivel local, regional, nacional, europeo e internacional. Europass Berlin GmbH es responsable de la educaci\u00f3n y formaci\u00f3n profesional de estudiantes, personal escolar y aprendices y promueve su educaci\u00f3n profesional, cultural y personal.<br \/>\nEuropass Berlin GmbH tambi\u00e9n desarrolla actividades y proyectos dirigidos a personas de origen migrante e inmigrante, con el objetivo de promover su integraci\u00f3n e inclusi\u00f3n social en los pa\u00edses de la UE.<br \/>\nEuropass Berlin GmbH es iniciador y socio de proyectos de movilidad en cooperaci\u00f3n con varias instituciones y empresas educativas alemanas, europeas e internacionales, con el objetivo de apoyar la formaci\u00f3n profesional a trav\u00e9s de pr\u00e1cticas y pr\u00e1cticas para estudiantes, aprendices, profesores y profesionales a nivel local e internacional.<\/p>\n<p>El trabajo de la organizaci\u00f3n cuenta con el apoyo de los programas de financiaci\u00f3n de la UE, principalmente Erasmus+. Europass Berlin GmbH gestiona todos los aspectos de la movilidad, como solicitante y socio de proyectos financiados por la UE.<br \/>\nEuropass Berlin GmbH tambi\u00e9n ofrece cursos de idiomas y formaci\u00f3n para estudiantes y personal escolar.<br \/>\nNuestros programas de apoyo de la UE incluyen Erasmus+, PON y ErasmusPro.<\/p>\n<p>Sito Web: <a href=\"https:\/\/www.europassberlin.com\/\">https:\/\/www.europassberlin.com\/<\/a><br \/>\nFacebook: <a href=\"https:\/\/www.facebook.com\/EuropassBerlinLanguageSchool\">https:\/\/www.facebook.com\/EuropassBerlinLanguageSchool<\/a><br \/>\nInstagram: <a href=\"https:\/\/www.instagram.com\/europassberlin\/\">https:\/\/www.instagram.com\/europassberlin\/<\/a><\/p>\n<hr \/>\n<h2><img decoding=\"async\" class=\"wp-image-90 size-full aligncenter\" src=\"https:\/\/2teach-2touch.erasmus.site\/wp-content\/uploads\/2022\/09\/danmar.png\" alt=\"\" width=\"300\" height=\"300\" srcset=\"https:\/\/2teach-2touch.erasmus.site\/wp-content\/uploads\/2022\/09\/danmar.png 300w, https:\/\/2teach-2touch.erasmus.site\/wp-content\/uploads\/2022\/09\/danmar-150x150.png 150w\" sizes=\"(max-width: 300px) 100vw, 300px\" \/><\/h2>\n<h2 style=\"text-align: center;\">Danmar Computers &#8211; Polonia<\/h2>\n<p>Danmar Computers es una empresa privada que opera en el campo de las tecnolog\u00edas de la informaci\u00f3n, con experiencia en el desarrollo de modernas aplicaciones web y m\u00f3viles utilizadas con fines educativos. DANMAR es tambi\u00e9n un proveedor de educaci\u00f3n y formaci\u00f3n profesional en el \u00e1mbito de las TI, con muchos a\u00f1os de experiencia en la ejecuci\u00f3n de proyectos europeos que satisfacen las necesidades de diferentes grupos destinatarios. En 20 a\u00f1os, la empresa ha ejecutado con \u00e9xito m\u00e1s de 160 proyectos en el marco de Grundtvig, Leonardo da Vinci, Progress, HORIZON2020 y, recientemente, Erasmus+. En muchos de estos proyectos, DANMAR fue responsable del dise\u00f1o y la coordinaci\u00f3n de las estrategias de comunicaci\u00f3n. Danmar Computers es tambi\u00e9n el desarrollador y proveedor de AdminProject, el sistema europeo de gesti\u00f3n de proyectos en l\u00ednea.<\/p>\n<p>La misi\u00f3n de Danmar Computers es promover el aprendizaje permanente y garantizar la igualdad de acceso a la educaci\u00f3n para todos mediante el uso de las tecnolog\u00edas modernas.<\/p>\n<p>Sito Web: <a href=\"https:\/\/danmar-computers.com.pl\/en\/\">https:\/\/danmar-computers.com.pl\/en\/<\/a><br \/>\nLinkedIn: <a href=\"https:\/\/www.linkedin.com\/company\/danmar-computers\">https:\/\/www.linkedin.com\/company\/danmar-computers<\/a><br \/>\nFacebook: <a href=\"https:\/\/www.facebook.com\/DanmarComputersEU\">https:\/\/www.facebook.com\/DanmarComputersEU<\/a><br \/>\nTwitter: <a href=\"https:\/\/twitter.com\/DanmarComputers\">https:\/\/twitter.com\/DanmarComputers<\/a><\/p>\n<hr \/>\n<h2><img decoding=\"async\" class=\"size-full wp-image-92 aligncenter\" src=\"https:\/\/2teach-2touch.erasmus.site\/wp-content\/uploads\/2022\/09\/sbtc.png\" alt=\"\" width=\"300\" height=\"300\" srcset=\"https:\/\/2teach-2touch.erasmus.site\/wp-content\/uploads\/2022\/09\/sbtc.png 300w, https:\/\/2teach-2touch.erasmus.site\/wp-content\/uploads\/2022\/09\/sbtc-150x150.png 150w\" sizes=\"(max-width: 300px) 100vw, 300px\" \/><\/h2>\n<h2 style=\"text-align: center;\">Solution Based Training &amp; Consultancy (SBTC) &#8211; Turquia<\/h2>\n<p>Soltion Based Training &amp; Consultancy (SBTC) ha desarrollado una gama de servicios de consultor\u00eda que van desde la consultor\u00eda independiente de control de pozos hasta la gesti\u00f3n del cambio en el lugar de trabajo, tanto para las necesidades de los empresarios como de los empleados. El SBTC ofrece soluciones para los problemas espec\u00edficos de sus grupos destinatarios, desarrollando soluciones a medida para diferentes sectores de la iniciativa empresarial, incluida la iniciativa empresarial social.<br \/>\nLos principales aspectos de estos servicios de consultor\u00eda abarcan todas las partes del espectro empresarial, incluido el apoyo y la promoci\u00f3n de la formaci\u00f3n profesional y el aprendizaje permanente; la organizaci\u00f3n de la cooperaci\u00f3n internacional con organizaciones similares; el desarrollo y la promoci\u00f3n de soluciones en p\u00fablico; el est\u00edmulo de las obras creativas mediante el reconocimiento y otras formas de motivaci\u00f3n; y el patrimonio cultural. El SBTC proporciona consultor\u00eda directa a los clientes, cursos de formaci\u00f3n internos y p\u00fablicos y ofrece consultor\u00eda de \u00abcambio\u00bb con autoridades y organizaciones locales.<br \/>\nAdem\u00e1s, en su regi\u00f3n, como empresa de consultor\u00eda, la SBTC promueve y protege el bienestar y la existencia de nuestro patrimonio mundial, cultura y diversidad. Al ofrecer soluciones sostenibles y a largo plazo para proyectos de patrimonio inmaterial y material, los accionistas y las partes interesadas de la SBTC reciben resultados reales que incluyen la autenticidad y la integridad de los proyectos de patrimonio.<\/p>\n<hr \/>\n<h2><img loading=\"lazy\" decoding=\"async\" class=\"wp-image-94 size-full aligncenter\" src=\"https:\/\/2teach-2touch.erasmus.site\/wp-content\/uploads\/2022\/09\/adm.png\" alt=\"\" width=\"300\" height=\"300\" srcset=\"https:\/\/2teach-2touch.erasmus.site\/wp-content\/uploads\/2022\/09\/adm.png 300w, https:\/\/2teach-2touch.erasmus.site\/wp-content\/uploads\/2022\/09\/adm-150x150.png 150w\" sizes=\"(max-width: 300px) 100vw, 300px\" \/><\/h2>\n<h2 style=\"text-align: center;\">Archivio della Memoria &#8211; Italia<\/h2>\n<p>L&#8217;Archivio della Memoria es una asociaci\u00f3n cultural fundada en mayo de 2002 y con sede en Roma. Est\u00e1 especializada en investigaci\u00f3n social, hist\u00f3rica, antropol\u00f3gica y de mercado y en la creaci\u00f3n de medios multimedia altamente innovadores por encargo de universidades, organismos p\u00fablicos y organizaciones privadas.<br \/>\nAdM tambi\u00e9n lleva a cabo actividades de Digital Storytelling en el campo de la investigaci\u00f3n antropol\u00f3gica, sociol\u00f3gica, hist\u00f3rica y medioambiental para la documentaci\u00f3n, recuperaci\u00f3n y valorizaci\u00f3n de culturas, tradiciones, conocimientos locales y realidades en mayor riesgo de marginaci\u00f3n, desarrollando investigaciones que cuentan, a trav\u00e9s de las palabras de los propios entrevistados, la historia del individuo y de la comunidad en el centro del contexto hist\u00f3rico-ambiental en el que viven.<br \/>\nA lo largo de los a\u00f1os se han desarrollado numerosos proyectos de investigaci\u00f3n y comunicaci\u00f3n, como campa\u00f1as dedicadas al contexto escolar y universitario, en estrecha colaboraci\u00f3n con organismos p\u00fablicos y privados, entidades acad\u00e9micas e institucionales como la Regi\u00f3n del Lacio y el Ayuntamiento de Roma.<br \/>\nEn 2006, Archivio della Memoria inici\u00f3 una estrecha colaboraci\u00f3n con la Universidad de Tor Vergata para el dise\u00f1o y la producci\u00f3n de Torvergata.tv, el canal de televisi\u00f3n web dedicado a la universidad. Torvergata.tv produjo m\u00e1s de mil v\u00eddeos, formando, a trav\u00e9s de una serie de pr\u00e1cticas sobre comunicaci\u00f3n y periodismo, a m\u00e1s de 50 estudiantes seleccionados de las seis facultades de la Universidad.<\/p>\n<p>Sito Web: <a href=\"https:\/\/www.archiviodellamemoria.it\/\">https:\/\/www.archiviodellamemoria.it\/<\/a><\/p>\n<hr \/>\n<h2><img loading=\"lazy\" decoding=\"async\" class=\"aligncenter wp-image-95 size-full\" src=\"https:\/\/2teach-2touch.erasmus.site\/wp-content\/uploads\/2022\/09\/elc.png\" alt=\"\" width=\"300\" height=\"300\" srcset=\"https:\/\/2teach-2touch.erasmus.site\/wp-content\/uploads\/2022\/09\/elc.png 300w, https:\/\/2teach-2touch.erasmus.site\/wp-content\/uploads\/2022\/09\/elc-150x150.png 150w\" sizes=\"(max-width: 300px) 100vw, 300px\" \/><\/h2>\n<h2 style=\"text-align: center;\">Centro Europeo de Aprendizaje &#8211; Espa\u00f1a<\/h2>\n<p>El Centro Europeo de Aprendizaje pertenece a una red de cuatro centros de formaci\u00f3n en la zona rural de la sierra de C\u00e1diz en el sur de Espa\u00f1a y una oficina de gesti\u00f3n en Madrid, Espa\u00f1a. Nuestras principales \u00e1reas de formaci\u00f3n son el aprendizaje de idiomas, las TIC y la formaci\u00f3n profesional. Nuestra regi\u00f3n se puede calificar, en general, de industrial (peleter\u00eda, agricultura, principalmente), aislada geogr\u00e1ficamente y con uno de los \u00edndices de paro m\u00e1s elevados de Espa\u00f1a.<br \/>\nNuestras instituciones trabajan principalmente con j\u00f3venes, con grupos subrepresentados como inmigrantes y refugiados, pero tambi\u00e9n con adultos de la comunidad local y regional interesados \u200b\u200ben continuar su educaci\u00f3n en un contexto no formal. Se proporciona financiaci\u00f3n p\u00fablica para subvencionar la acreditaci\u00f3n y certificaci\u00f3n de la formaci\u00f3n recibida.<br \/>\nPertenecer a esta ya mencionada red de colaboraciones p\u00fablicas y privadas nos ha permitido llevar a cabo m\u00faltiples iniciativas en el \u00e1mbito de la educaci\u00f3n ambiental, la integraci\u00f3n de colectivos subrepresentados y la formaci\u00f3n espec\u00edfica en habilidades digitales, idiomas e inclusi\u00f3n social. Durante los \u00faltimos 10 a\u00f1os, ELC ha estado colaborando estrechamente en el campo de la educaci\u00f3n de adultos con CEPER-7V, que es la red permanente de centros de educaci\u00f3n de adultos en nuestra regi\u00f3n. Actualmente existe otra colaboraci\u00f3n importante entre ELC y un consorcio de autoridades locales (Ayuntamiento), la Oficina de Informaci\u00f3n Juvenil y la principal asociaci\u00f3n de pymes de nuestro entorno. El objetivo principal de este consorcio de nueva creaci\u00f3n es mejorar el \u00e9xito en ayudar a los j\u00f3venes desempleados a encontrar trabajo y difundir mejor la informaci\u00f3n disponible para los j\u00f3venes y adultos de nuestro entorno.<\/p>\n<p>Sito Web: <a href=\"https:\/\/europeanlc.es\/en\/\">https:\/\/europeanlc.es\/en\/<\/a><br \/>\nFacebook: <a href=\"https:\/\/www.facebook.com\/europeanlearningcenter\">https:\/\/www.facebook.com\/europeanlearningcenter<\/a><\/p>\n<hr \/>\n<h2><img loading=\"lazy\" decoding=\"async\" class=\"wp-image-96 size-full aligncenter\" src=\"https:\/\/2teach-2touch.erasmus.site\/wp-content\/uploads\/2022\/09\/tus.png\" alt=\"\" width=\"300\" height=\"300\" srcset=\"https:\/\/2teach-2touch.erasmus.site\/wp-content\/uploads\/2022\/09\/tus.png 300w, https:\/\/2teach-2touch.erasmus.site\/wp-content\/uploads\/2022\/09\/tus-150x150.png 150w\" sizes=\"(max-width: 300px) 100vw, 300px\" \/><\/h2>\n<h2 style=\"text-align: center;\">Technological University of the Shannon &#8211; Irleand<\/h2>\n<p>Technological University of the Shannon: Midlands Midwest &#8211; is a multi-campus university spread across six colleges throughout Ireland\u2019s Midwest and Midlands region. TUS was established on 1 October 2021. With over 14,500 students,1200 staff members and campuses in Athlone, Clare, Limerick and Tipperary, TUS benefits from an already strong and vibrant history of education and learning in the wider region, as well as playing a strong role in sustaining and enhancing this identity for generations to come.<br \/>\nAt TUS, we have a clear focus on meeting the evolving needs of society and industry through applied learning and innovative thinking. By putting the individual needs of students front-and-centre, TUS prioritises accessibility and opportunity for all. When we combine this student-first philosophy with next-generation thinking, we can help drive our region forward through education, research, and commercial collaboration.<br \/>\nBy providing supply of high-quality graduates and an additional focal point for growth and innovation, we can help regional development take a big step forward. The continuous focus on partnership, innovation and staying agile shows TUS understand the importance of working with key stakeholders across industry and society. And with hundreds of courses every year across four counties, its story has only just begun.<\/p>\n<p>Sito Web: <a href=\"https:\/\/tus.ie\">https:\/\/tus.ie<\/a><br \/>\nFacebook: <a href=\"https:\/\/www.facebook.com\/TUoftheShannon\">https:\/\/www.facebook.com\/TUoftheShannon<\/a><br \/>\nLinkedIn: <a href=\"https:\/\/www.linkedin.com\/school\/tus-ie\/\">https:\/\/www.linkedin.com\/school\/tus-ie\/<\/a><\/p>","protected":false},"excerpt":{"rendered":"<p>Coordinadores del proyecto: EBB Europass Berlin Beratungsb\u00fcro GmbH &#8211; Alemania EBB Europass Berlin Beratungsb\u00fcro GmbH es un centro de formaci\u00f3n certificado con sede en Berl\u00edn. EBB ofrece, entre otros, cursos de formaci\u00f3n internacionales para adultos y personal escolar. Nuestra organizaci\u00f3n tambi\u00e9n est\u00e1 activa en el campo de los programas de movilidad a nivel local, regional,&hellip;&nbsp;<\/p>\n","protected":false},"author":1,"featured_media":0,"parent":0,"menu_order":0,"comment_status":"closed","ping_status":"closed","template":"","meta":{"neve_meta_sidebar":"","neve_meta_container":"","neve_meta_enable_content_width":"off","neve_meta_content_width":100,"neve_meta_title_alignment":"","neve_meta_author_avatar":"","neve_post_elements_order":"","neve_meta_disable_header":"","neve_meta_disable_footer":"","neve_meta_disable_title":"","footnotes":""},"class_list":["post-86","page","type-page","status-publish","hentry"],"_links":{"self":[{"href":"https:\/\/2teach-2touch.erasmus.site\/es\/wp-json\/wp\/v2\/pages\/86","targetHints":{"allow":["GET"]}}],"collection":[{"href":"https:\/\/2teach-2touch.erasmus.site\/es\/wp-json\/wp\/v2\/pages"}],"about":[{"href":"https:\/\/2teach-2touch.erasmus.site\/es\/wp-json\/wp\/v2\/types\/page"}],"author":[{"embeddable":true,"href":"https:\/\/2teach-2touch.erasmus.site\/es\/wp-json\/wp\/v2\/users\/1"}],"replies":[{"embeddable":true,"href":"https:\/\/2teach-2touch.erasmus.site\/es\/wp-json\/wp\/v2\/comments?post=86"}],"version-history":[{"count":10,"href":"https:\/\/2teach-2touch.erasmus.site\/es\/wp-json\/wp\/v2\/pages\/86\/revisions"}],"predecessor-version":[{"id":213,"href":"https:\/\/2teach-2touch.erasmus.site\/es\/wp-json\/wp\/v2\/pages\/86\/revisions\/213"}],"wp:attachment":[{"href":"https:\/\/2teach-2touch.erasmus.site\/es\/wp-json\/wp\/v2\/media?parent=86"}],"curies":[{"name":"wp","href":"https:\/\/api.w.org\/{rel}","templated":true}]}}