{"id":86,"date":"2022-09-16T12:25:36","date_gmt":"2022-09-16T12:25:36","guid":{"rendered":"https:\/\/2teach-2touch.erasmus.site\/?page_id=86"},"modified":"2023-08-01T18:51:04","modified_gmt":"2023-08-01T18:51:04","slug":"partnership","status":"publish","type":"page","link":"https:\/\/2teach-2touch.erasmus.site\/it\/partnership\/","title":{"rendered":"Il partenariato"},"content":{"rendered":"<p><\/p>\n<h2><img fetchpriority=\"high\" decoding=\"async\" class=\"size-full wp-image-88 aligncenter\" src=\"https:\/\/2teach-2touch.erasmus.site\/wp-content\/uploads\/2022\/09\/europass.png\" alt=\"\" width=\"300\" height=\"300\" srcset=\"https:\/\/2teach-2touch.erasmus.site\/wp-content\/uploads\/2022\/09\/europass.png 300w, https:\/\/2teach-2touch.erasmus.site\/wp-content\/uploads\/2022\/09\/europass-150x150.png 150w\" sizes=\"(max-width: 300px) 100vw, 300px\" \/><\/h2>\n<h2 style=\"text-align: center;\">Coordinatore del progetto: EBB Europass Berlin Beratungsb\u00fcro GmbH &#8211; Germania<\/h2>\n<p>EBB Europass Berlin Beratungsb\u00fcro GmbH \u00e8 un centro di formazione certificato con sede a Berlino. EBB offre, tra l&#8217;altro, corsi di formazione internazionali per adulti e personale scolastico.<br \/>\nLa nostra organizzazione \u00e8 inoltre attiva nel campo dei programmi di mobilit\u00e0 a livello locale, regionale, nazionale, europeo e internazionale. Europass Berlin GmbH \u00e8 responsabile dell&#8217;istruzione e della formazione professionale di studenti, personale scolastico e apprendisti e ne promuove la formazione professionale, culturale e personale.<br \/>\nEuropass Berlin GmbH sviluppa inoltre attivit\u00e0 e progetti rivolti a persone con background migratorio e di immigrazione, con l&#8217;obiettivo di favorirne l&#8217;integrazione e l&#8217;inclusione sociale nei Paesi dell&#8217;UE.<br \/>\nEuropass Berlin GmbH \u00e8 promotore e partner di progetti di mobilit\u00e0 in collaborazione con diverse istituzioni educative e aziende tedesche, europee e internazionali, con l&#8217;obiettivo di sostenere la formazione professionale attraverso stage e tirocini per studenti, tirocinanti, insegnanti e professionisti a livello locale e internazionale.<\/p>\n<p>Il lavoro dell&#8217;organizzazione \u00e8 supportato da programmi di finanziamento dell&#8217;UE, principalmente Erasmus+. Europass Berlin GmbH gestisce tutti gli aspetti della mobilit\u00e0, in qualit\u00e0 di richiedente e partner di progetti finanziati dall&#8217;UE.<br \/>\nEuropass Berlin GmbH offre anche corsi di lingua e di formazione per studenti e personale scolastico.<br \/>\nI nostri programmi di sostegno dell&#8217;UE comprendono Erasmus+, PON ed ErasmusPro.<\/p>\n<p>Sito Web: <a href=\"https:\/\/www.europassberlin.com\/\">https:\/\/www.europassberlin.com\/<\/a><br \/>\nFacebook: <a href=\"https:\/\/www.facebook.com\/EuropassBerlinLanguageSchool\">https:\/\/www.facebook.com\/EuropassBerlinLanguageSchool<\/a><br \/>\nInstagram: <a href=\"https:\/\/www.instagram.com\/europassberlin\/\">https:\/\/www.instagram.com\/europassberlin\/<\/a><\/p>\n<hr \/>\n<h2><img decoding=\"async\" class=\"wp-image-90 size-full aligncenter\" src=\"https:\/\/2teach-2touch.erasmus.site\/wp-content\/uploads\/2022\/09\/danmar.png\" alt=\"\" width=\"300\" height=\"300\" srcset=\"https:\/\/2teach-2touch.erasmus.site\/wp-content\/uploads\/2022\/09\/danmar.png 300w, https:\/\/2teach-2touch.erasmus.site\/wp-content\/uploads\/2022\/09\/danmar-150x150.png 150w\" sizes=\"(max-width: 300px) 100vw, 300px\" \/><\/h2>\n<h2 style=\"text-align: center;\">Danmar Computers &#8211; Polonia<\/h2>\n<p>Danmar Computers \u00e8 un&#8217;azienda privata che opera nel campo dell&#8217;Information Technology, con esperienza nello sviluppo di moderne applicazioni web e mobili utilizzate per scopi educativi. DANMAR \u00e8 anche un fornitore di istruzione e formazione professionale in ambito informatico, con un&#8217;esperienza pluriennale nella realizzazione di progetti europei che rispondono alle esigenze di diversi gruppi target. In 20 anni, l&#8217;azienda ha realizzato con successo oltre 160 progetti nell&#8217;ambito di Grundtvig, Leonardo da Vinci, Progress, HORIZON2020 e recentemente Erasmus+. In molti di questi progetti DANMAR \u00e8 stata responsabile della progettazione e del coordinamento delle strategie di comunicazione. Danmar Computers \u00e8 anche lo sviluppatore e il fornitore di AdminProject, il sistema di gestione dei progetti europei on-line.<\/p>\n<p>La missione di Danmar Computers \u00e8 la promozione dell&#8217;educazione permanente e la garanzia di un accesso paritario all&#8217;istruzione per tutti grazie all&#8217;uso delle moderne tecnologie.<\/p>\n<p>Sito Web: <a href=\"https:\/\/danmar-computers.com.pl\/en\/\">https:\/\/danmar-computers.com.pl\/en\/<\/a><br \/>\nLinkedIn: <a href=\"https:\/\/www.linkedin.com\/company\/danmar-computers\">https:\/\/www.linkedin.com\/company\/danmar-computers<\/a><br \/>\nFacebook: <a href=\"https:\/\/www.facebook.com\/DanmarComputersEU\">https:\/\/www.facebook.com\/DanmarComputersEU<\/a><br \/>\nTwitter: <a href=\"https:\/\/twitter.com\/DanmarComputers\">https:\/\/twitter.com\/DanmarComputers<\/a><\/p>\n<hr \/>\n<h2><img decoding=\"async\" class=\"size-full wp-image-92 aligncenter\" src=\"https:\/\/2teach-2touch.erasmus.site\/wp-content\/uploads\/2022\/09\/sbtc.png\" alt=\"\" width=\"300\" height=\"300\" srcset=\"https:\/\/2teach-2touch.erasmus.site\/wp-content\/uploads\/2022\/09\/sbtc.png 300w, https:\/\/2teach-2touch.erasmus.site\/wp-content\/uploads\/2022\/09\/sbtc-150x150.png 150w\" sizes=\"(max-width: 300px) 100vw, 300px\" \/><\/h2>\n<h2 style=\"text-align: center;\">Solution Based Training &amp; Consultancy (SBTC) &#8211; Turchia<\/h2>\n<p>Soltion Based Training &amp; Consultancy (SBTC) ha sviluppato una gamma di servizi di consulenza che vanno dalla consulenza indipendente per il controllo dei pozzi alla gestione del cambiamento sul posto di lavoro, sia per le esigenze dei datori di lavoro che dei dipendenti. La SBTC offre soluzioni per i problemi specifici dei suoi gruppi target, sviluppando soluzioni su misura per diversi settori dell&#8217;imprenditoria, compresa l&#8217;imprenditoria sociale.<br \/>\nGli aspetti principali di questi servizi di consulenza abbracciano ogni parte dello spettro imprenditoriale, compresi i lavori di sostegno e promozione dell&#8217;istruzione professionale e dell&#8217;apprendimento permanente; l&#8217;organizzazione della cooperazione internazionale con organizzazioni simili; lo sviluppo e la promozione di soluzioni in pubblico; lo stimolo delle opere creative attraverso il riconoscimento e altre forme di motivazione e il patrimonio culturale. L&#8217;SBTC fornisce consulenza diretta ai clienti, corsi di formazione interni e per il pubblico e offre consulenza per il &#8220;cambiamento&#8221; con le autorit\u00e0 e le organizzazioni locali.<br \/>\nInoltre, nella sua regione, come societ\u00e0 di consulenza, la SBTC promuove e protegge il benessere e l&#8217;esistenza del nostro patrimonio mondiale, della cultura e della diversit\u00e0. Fornendo soluzioni sostenibili e a lungo termine per progetti relativi al patrimonio intangibile e tangibile, gli azionisti e gli stakeholder della SBTC ricevono risultati reali che comprendono anche l&#8217;autenticit\u00e0 e l&#8217;integrit\u00e0 dei progetti relativi al patrimonio.<\/p>\n<hr \/>\n<h2><img loading=\"lazy\" decoding=\"async\" class=\"wp-image-94 size-full aligncenter\" src=\"https:\/\/2teach-2touch.erasmus.site\/wp-content\/uploads\/2022\/09\/adm.png\" alt=\"\" width=\"300\" height=\"300\" srcset=\"https:\/\/2teach-2touch.erasmus.site\/wp-content\/uploads\/2022\/09\/adm.png 300w, https:\/\/2teach-2touch.erasmus.site\/wp-content\/uploads\/2022\/09\/adm-150x150.png 150w\" sizes=\"(max-width: 300px) 100vw, 300px\" \/><\/h2>\n<h2 style=\"text-align: center;\">Archivio della Memoria &#8211; Italia<\/h2>\n<p>L&#8217;Archivio della Memoria \u00e8 un&#8217;associazione culturale fondata nel maggio 2002 con sede a Roma. \u00c8 specializzata nella realizzazione di ricerche sociali, storiche, antropologiche e di mercato e nella creazione di supporti multimediali altamente innovativi per conto di universit\u00e0, enti pubblici e organizzazioni private.<br \/>\nAdM svolge anche attivit\u00e0 di Digital Storytelling nell&#8217;ambito della ricerca antropologica, sociologica, storica e ambientale per la documentazione, il recupero e la valorizzazione di culture, tradizioni, saperi locali e realt\u00e0 a maggior rischio di emarginazione, sviluppando ricerche che raccontano, attraverso le parole degli stessi intervistati, la storia dell&#8217;individuo e della comunit\u00e0 al centro del contesto storico-ambientale in cui vivono.<br \/>\nNumerosi progetti di ricerca e comunicazione, come le campagne dedicate al contesto scolastico e universitario, sono stati sviluppati negli anni in stretta collaborazione con organizzazioni pubbliche e private, enti accademici e istituzionali come la Regione Lazio e il Comune di Roma.<br \/>\nNel 2006 Archivio della Memoria ha avviato una stretta collaborazione con l&#8217;Universit\u00e0 di Tor Vergata per la progettazione e la realizzazione di Torvergata.tv, il canale televisivo web dedicato all&#8217;Universit\u00e0. Torvergata.tv ha prodotto pi\u00f9 di mille video, formando, attraverso una serie di stage sulla comunicazione e sul giornalismo, pi\u00f9 di 50 studenti selezionati dalle sei facolt\u00e0 dell&#8217;Universit\u00e0.<\/p>\n<p>Sito Web: <a href=\"https:\/\/www.archiviodellamemoria.it\/\">https:\/\/www.archiviodellamemoria.it\/<\/a><\/p>\n<hr \/>\n<h2><img loading=\"lazy\" decoding=\"async\" class=\"aligncenter wp-image-95 size-full\" src=\"https:\/\/2teach-2touch.erasmus.site\/wp-content\/uploads\/2022\/09\/elc.png\" alt=\"\" width=\"300\" height=\"300\" srcset=\"https:\/\/2teach-2touch.erasmus.site\/wp-content\/uploads\/2022\/09\/elc.png 300w, https:\/\/2teach-2touch.erasmus.site\/wp-content\/uploads\/2022\/09\/elc-150x150.png 150w\" sizes=\"(max-width: 300px) 100vw, 300px\" \/><\/h2>\n<h2 style=\"text-align: center;\">\u00a0European Learning Center &#8211; Spagna<\/h2>\n<p>European Learning Centre appartiene a una rete di quattro centri di formazione nell&#8217;area rurale delle montagne di Cadice, nel sud della Spagna, e di un ufficio di gestione a Madrid, in Spagna. Le nostre principali aree di formazione sono l&#8217;apprendimento delle lingue, le TIC e la formazione professionale. La nostra regione pu\u00f2 essere generalmente descritta come industriale (produzione di pellame, agricoltura, principalmente), geograficamente isolata e con uno dei pi\u00f9 alti livelli di disoccupazione in Spagna.<br \/>\nLe nostre istituzioni lavorano principalmente con i giovani, con i gruppi sottorappresentati come gli immigrati e i rifugiati, ma anche con gli adulti della comunit\u00e0 locale e regionale interessati a proseguire la propria formazione in un contesto non formale. I finanziamenti pubblici vengono erogati per sovvenzionare l&#8217;accreditamento e la certificazione della formazione ricevuta.<br \/>\nL&#8217;appartenenza a questa gi\u00e0 citata rete di partenariati pubblici e privati ci ha permesso di realizzare molteplici iniziative in materia di educazione ambientale, integrazione dei gruppi sottorappresentati e formazione specifica in materia di competenze digitali, lingue e inclusione sociale. Negli ultimi 10 anni, l&#8217;ELC collabora strettamente nei settori dell&#8217;educazione degli adulti con il CEPER-7V, che \u00e8 la rete permanente dei centri di educazione degli adulti nella nostra regione. Un&#8217;altra importante collaborazione esiste attualmente tra l&#8217;ELC e un consorzio di autorit\u00e0 locali (Municipio), l&#8217;Ufficio Informagiovani e la principale associazione di PMI della nostra zona. L&#8217;obiettivo principale di questo consorzio, creato di recente, \u00e8 quello di migliorare il successo nell&#8217;aiutare i giovani disoccupati a trovare un lavoro e di diffondere meglio le informazioni disponibili per i giovani e gli adulti nella nostra zona.<\/p>\n<p>Sito Web: <a href=\"https:\/\/europeanlc.es\/en\/\">https:\/\/europeanlc.es\/en\/<\/a><br \/>\nFacebook: <a href=\"https:\/\/www.facebook.com\/europeanlearningcenter\">https:\/\/www.facebook.com\/europeanlearningcenter<\/a><\/p>\n<hr \/>\n<h2><img loading=\"lazy\" decoding=\"async\" class=\"wp-image-96 size-full aligncenter\" src=\"https:\/\/2teach-2touch.erasmus.site\/wp-content\/uploads\/2022\/09\/tus.png\" alt=\"\" width=\"300\" height=\"300\" srcset=\"https:\/\/2teach-2touch.erasmus.site\/wp-content\/uploads\/2022\/09\/tus.png 300w, https:\/\/2teach-2touch.erasmus.site\/wp-content\/uploads\/2022\/09\/tus-150x150.png 150w\" sizes=\"(max-width: 300px) 100vw, 300px\" \/><\/h2>\n<h2 style=\"text-align: center;\">Technological University of the Shannon &#8211; Irlanda<\/h2>\n<p>Technological University of the Shannon: Midlands Midwest &#8211; \u00e8 un&#8217;universit\u00e0 multicampus distribuita in sei college nella regione irlandese del Midwest e delle Midlands. TUS \u00e8 stata fondata il 1\u00b0 ottobre 2021. Con oltre 14.500 studenti, 1.200 membri del personale e campus ad Athlone, Clare, Limerick e Tipperary, il TUS beneficia di una storia gi\u00e0 forte e vivace di istruzione e apprendimento nella regione, oltre a svolgere un ruolo importante nel sostenere e migliorare questa identit\u00e0 per le generazioni a venire.<br \/>\nAl TUS abbiamo un chiaro obiettivo: soddisfare le esigenze in evoluzione della societ\u00e0 e dell&#8217;industria attraverso l&#8217;apprendimento applicato e il pensiero innovativo. Mettendo al centro le esigenze individuali degli studenti, il TUS d\u00e0 priorit\u00e0 all&#8217;accessibilit\u00e0 e alle opportunit\u00e0 per tutti. Combinando questa filosofia &#8220;a misura di studente&#8221; con il modo di pensare della nuova generazione, possiamo contribuire a far progredire la nostra regione attraverso l&#8217;istruzione, la ricerca e la collaborazione commerciale.<br \/>\nFornendo un&#8217;offerta di laureati di alta qualit\u00e0 e un ulteriore punto di riferimento per la crescita e l&#8217;innovazione, possiamo aiutare lo sviluppo regionale a fare un grande passo avanti. La continua attenzione ai partenariati, all&#8217;innovazione e all&#8217;agilit\u00e0 dimostra che TUS comprende l&#8217;importanza di collaborare con le principali parti interessate dell&#8217;industria e della societ\u00e0. E con centinaia di corsi all&#8217;anno in quattro contee, la sua storia \u00e8 appena iniziata.<\/p>\n<p>Sito Web: <a href=\"https:\/\/tus.ie\">https:\/\/tus.ie<\/a><br \/>\nFacebook: <a href=\"https:\/\/www.facebook.com\/TUoftheShannon\">https:\/\/www.facebook.com\/TUoftheShannon<\/a><br \/>\nLinkedIn: <a href=\"https:\/\/www.linkedin.com\/school\/tus-ie\/\">https:\/\/www.linkedin.com\/school\/tus-ie\/<\/a><\/p>\n<p>&nbsp;<\/p>","protected":false},"excerpt":{"rendered":"<p>Coordinatore del progetto: EBB Europass Berlin Beratungsb\u00fcro GmbH &#8211; Germania EBB Europass Berlin Beratungsb\u00fcro GmbH \u00e8 un centro di formazione certificato con sede a Berlino. EBB offre, tra l&#8217;altro, corsi di formazione internazionali per adulti e personale scolastico. La nostra organizzazione \u00e8 inoltre attiva nel campo dei programmi di mobilit\u00e0 a livello locale, regionale, nazionale,&hellip;&nbsp;<\/p>\n","protected":false},"author":1,"featured_media":0,"parent":0,"menu_order":0,"comment_status":"closed","ping_status":"closed","template":"","meta":{"neve_meta_sidebar":"","neve_meta_container":"","neve_meta_enable_content_width":"off","neve_meta_content_width":100,"neve_meta_title_alignment":"","neve_meta_author_avatar":"","neve_post_elements_order":"","neve_meta_disable_header":"","neve_meta_disable_footer":"","neve_meta_disable_title":"","footnotes":""},"class_list":["post-86","page","type-page","status-publish","hentry"],"_links":{"self":[{"href":"https:\/\/2teach-2touch.erasmus.site\/it\/wp-json\/wp\/v2\/pages\/86","targetHints":{"allow":["GET"]}}],"collection":[{"href":"https:\/\/2teach-2touch.erasmus.site\/it\/wp-json\/wp\/v2\/pages"}],"about":[{"href":"https:\/\/2teach-2touch.erasmus.site\/it\/wp-json\/wp\/v2\/types\/page"}],"author":[{"embeddable":true,"href":"https:\/\/2teach-2touch.erasmus.site\/it\/wp-json\/wp\/v2\/users\/1"}],"replies":[{"embeddable":true,"href":"https:\/\/2teach-2touch.erasmus.site\/it\/wp-json\/wp\/v2\/comments?post=86"}],"version-history":[{"count":10,"href":"https:\/\/2teach-2touch.erasmus.site\/it\/wp-json\/wp\/v2\/pages\/86\/revisions"}],"predecessor-version":[{"id":213,"href":"https:\/\/2teach-2touch.erasmus.site\/it\/wp-json\/wp\/v2\/pages\/86\/revisions\/213"}],"wp:attachment":[{"href":"https:\/\/2teach-2touch.erasmus.site\/it\/wp-json\/wp\/v2\/media?parent=86"}],"curies":[{"name":"wp","href":"https:\/\/api.w.org\/{rel}","templated":true}]}}