{"id":86,"date":"2022-09-16T12:25:36","date_gmt":"2022-09-16T12:25:36","guid":{"rendered":"https:\/\/2teach-2touch.erasmus.site\/?page_id=86"},"modified":"2023-08-01T18:51:04","modified_gmt":"2023-08-01T18:51:04","slug":"partnership","status":"publish","type":"page","link":"https:\/\/2teach-2touch.erasmus.site\/pl\/partnership\/","title":{"rendered":"Partnerzy"},"content":{"rendered":"<p><\/p>\n<h2><img fetchpriority=\"high\" decoding=\"async\" class=\"size-full wp-image-88 aligncenter\" src=\"https:\/\/2teach-2touch.erasmus.site\/wp-content\/uploads\/2022\/09\/europass.png\" alt=\"\" width=\"300\" height=\"300\" srcset=\"https:\/\/2teach-2touch.erasmus.site\/wp-content\/uploads\/2022\/09\/europass.png 300w, https:\/\/2teach-2touch.erasmus.site\/wp-content\/uploads\/2022\/09\/europass-150x150.png 150w\" sizes=\"(max-width: 300px) 100vw, 300px\" \/><\/h2>\n<h2 style=\"text-align: center;\">Koordynator projektu: EBB Europass Berlin Beratungsb\u00fcro GmbH &#8211; Niemcy<\/h2>\n<p>EBB Europass Berlin Beratungsb\u00fcro GmbH jest certyfikowanym centrum szkoleniowym z siedzib\u0105 w Berlinie. EBB oferuje mi\u0119dzy innymi mi\u0119dzynarodowe szkolenia dla doros\u0142ych i pracownik\u00f3w szk\u00f3\u0142.<br \/>\nNasza organizacja jest ponadto aktywna w zakresie program\u00f3w mobilno\u015bci na poziomie lokalnym, regionalnym, krajowym, europejskim i mi\u0119dzynarodowym. Europass Berlin GmbH jest odpowiedzialny za kszta\u0142cenie zawodowe i szkolenia dla os\u00f3b ucz\u0105cych si\u0119, pracownik\u00f3w szk\u00f3\u0142 i praktykant\u00f3w oraz promuje ich wiedz\u0119 zawodow\u0105, kulturaln\u0105 i osobist\u0105.<br \/>\nEuropass Berlin GmbH rozwija r\u00f3wnie\u017c dzia\u0142ania i projekty skierowane do os\u00f3b o pochodzeniu migracyjnym i imigracyjnym w celu wspierania ich integracji i w\u0142\u0105czenia spo\u0142ecznego w krajach UE.<br \/>\nEuropass Berlin GmbH jest wnioskodawc\u0105 i partnerem projekt\u00f3w mobilno\u015bciowych we wsp\u00f3\u0142pracy z kilkoma niemieckimi, europejskimi i mi\u0119dzynarodowymi instytucjami edukacyjnymi i firmami w celu wspierania edukacji zawodowej poprzez praktyki i szkolenia dla student\u00f3w, sta\u017cyst\u00f3w, nauczycieli i profesjonalist\u00f3w lokalnie i za granic\u0105.<\/p>\n<p>Praca organizacji jest wspierana przez programy finansowania UE, g\u0142\u00f3wnie Erasmus+. Europass Berlin GmbH zajmuje si\u0119 wszystkimi aspektami mobilno\u015bci, s\u0142u\u017c\u0105c jako wnioskodawca i partner w projektach finansowanych przez UE.<br \/>\nEuropass Berlin GmbH oferuje r\u00f3wnie\u017c kursy j\u0119zykowe i szkoleniowe dla student\u00f3w i pracownik\u00f3w szk\u00f3\u0142.<br \/>\nNasze partnerskie programy wsparcia UE obejmuj\u0105 Erasmus+, PON i ErasmusPro.<\/p>\n<p>Strona internetowa: <a href=\"https:\/\/www.europassberlin.com\/\">https:\/\/www.europassberlin.com\/<\/a><br \/>\nFacebook: <a href=\"https:\/\/www.facebook.com\/EuropassBerlinLanguageSchool\">https:\/\/www.facebook.com\/EuropassBerlinLanguageSchool<\/a><br \/>\nInstagram: <a href=\"https:\/\/www.instagram.com\/europassberlin\/\">https:\/\/www.instagram.com\/europassberlin\/<\/a><\/p>\n<hr \/>\n<h2><img decoding=\"async\" class=\"wp-image-90 size-full aligncenter\" src=\"https:\/\/2teach-2touch.erasmus.site\/wp-content\/uploads\/2022\/09\/danmar.png\" alt=\"\" width=\"300\" height=\"300\" srcset=\"https:\/\/2teach-2touch.erasmus.site\/wp-content\/uploads\/2022\/09\/danmar.png 300w, https:\/\/2teach-2touch.erasmus.site\/wp-content\/uploads\/2022\/09\/danmar-150x150.png 150w\" sizes=\"(max-width: 300px) 100vw, 300px\" \/><\/h2>\n<h2 style=\"text-align: center;\">Danmar Computers &#8211; Polska<\/h2>\n<p>Danmar Computers jest prywatn\u0105 firm\u0105 dzia\u0142aj\u0105c\u0105 w obszarze technologii informacyjnych, z do\u015bwiadczeniem w tworzeniu nowoczesnych aplikacji internetowych i mobilnych, kt\u00f3re s\u0105 wykorzystywane do cel\u00f3w edukacyjnych. DANMAR to tak\u017ce dostawca kszta\u0142cenia zawodowego i szkole\u0144 z zakresu IT z wieloletnim do\u015bwiadczeniem w realizacji projekt\u00f3w europejskich dopasowanych do potrzeb r\u00f3\u017cnych grup docelowych. W ci\u0105gu 20 lat firma z powodzeniem zrealizowa\u0142a ponad 160 projekt\u00f3w w ramach program\u00f3w Grundtvig, Leonardo da Vinci, Progress, HORIZON2020 i ostatnio Erasmus+. W wielu z tych projekt\u00f3w DANMAR by\u0142 odpowiedzialny za projektowanie i koordynacj\u0119 strategii upowszechniania. Danmar Computers jest r\u00f3wnie\u017c tw\u00f3rc\u0105 i dostawc\u0105 AdminProject, internetowego systemu zarz\u0105dzania projektami europejskimi.<\/p>\n<p>Misj\u0105 Danmar Computers jest promocja edukacji przez ca\u0142e \u017cycie oraz zapewnienie r\u00f3wnego dost\u0119pu do edukacji dla wszystkich z wykorzystaniem nowoczesnych technologii.<\/p>\n<p>Strona internetowa: <a href=\"https:\/\/danmar-computers.com.pl\/en\/\">https:\/\/danmar-computers.com.pl\/en\/<\/a><br \/>\nLinkedIn: <a href=\"https:\/\/www.linkedin.com\/company\/danmar-computers\">https:\/\/www.linkedin.com\/company\/danmar-computers<\/a><br \/>\nFacebook: <a href=\"https:\/\/www.facebook.com\/DanmarComputersEU\">https:\/\/www.facebook.com\/DanmarComputersEU<\/a><br \/>\nTwitter: <a href=\"https:\/\/twitter.com\/DanmarComputers\">https:\/\/twitter.com\/DanmarComputers<\/a><\/p>\n<hr \/>\n<h2><img decoding=\"async\" class=\"size-full wp-image-92 aligncenter\" src=\"https:\/\/2teach-2touch.erasmus.site\/wp-content\/uploads\/2022\/09\/sbtc.png\" alt=\"\" width=\"300\" height=\"300\" srcset=\"https:\/\/2teach-2touch.erasmus.site\/wp-content\/uploads\/2022\/09\/sbtc.png 300w, https:\/\/2teach-2touch.erasmus.site\/wp-content\/uploads\/2022\/09\/sbtc-150x150.png 150w\" sizes=\"(max-width: 300px) 100vw, 300px\" \/><\/h2>\n<h2 style=\"text-align: center;\">&#8222;Solution Based Training &amp; Consultancy (SBTC) &#8211; Turcja<\/h2>\n<p>Soltion Based Training &amp; Consultancy (SBTC) rozwin\u0119\u0142a szereg us\u0142ug konsultingowych, pocz\u0105wszy od niezale\u017cnego doradcy ds. kontroli, a\u017c po doradztwo w zakresie zarz\u0105dzania zmianami w miejscu pracy, zar\u00f3wno dla potrzeb pracodawc\u00f3w, jak i pracownik\u00f3w. SBTC oferuje rozwi\u0105zania dla specyficznych problem\u00f3w swoich grup docelowych poprzez opracowywanie dostosowanych rozwi\u0105za\u0144 dla kilku obszar\u00f3w przedsi\u0119biorczo\u015bci, w tym przedsi\u0119biorczo\u015bci spo\u0142ecznej.<br \/>\nG\u0142\u00f3wne aspekty tych us\u0142ug doradczych obejmuj\u0105 ka\u017cd\u0105 cz\u0119\u015b\u0107 spektrum biznesowego, w tym prace w zakresie wspierania i promowania edukacji zawodowej i uczenia si\u0119 przez ca\u0142e \u017cycie; organizowanie mi\u0119dzynarodowej wsp\u00f3\u0142pracy z podobnymi organizacjami; rozwijanie i promowanie rozwi\u0105za\u0144 w przestrzeni publicznej; stymulowanie tw\u00f3rczo\u015bci poprzez uznanie i inne formy motywacji i dziedzictwa kulturowego. SBTC prowadzi bezpo\u015bredni\u0105 prac\u0119 konsultacyjn\u0105 z klientami, organizuje szkolenia wewn\u0119trzne i publiczne oraz oferuje doradztwo w zakresie &#8222;zmiany&#8221; z lokalnymi w\u0142adzami i organizacjami.<br \/>\nPonadto w swoim regionie jako firma konsultingowa SBTC promuje i chroni dobro i istnienie naszego \u015bwiatowego dziedzictwa, kultury i r\u00f3\u017cnorodno\u015bci. Poprzez dostarczanie zr\u00f3wnowa\u017conych i d\u0142ugoterminowych rozwi\u0105za\u0144 dla projekt\u00f3w zwi\u0105zanych z dziedzictwem niematerialnym i materialnym, udzia\u0142owcy i interesariusze SBTC otrzymuj\u0105 rzeczywiste rezultaty, obejmuj\u0105ce r\u00f3wnie\u017c autentyczno\u015b\u0107 i integralno\u015b\u0107 ich projekt\u00f3w zwi\u0105zanych z dziedzictwem.<\/p>\n<hr \/>\n<h2><img loading=\"lazy\" decoding=\"async\" class=\"wp-image-94 size-full aligncenter\" src=\"https:\/\/2teach-2touch.erasmus.site\/wp-content\/uploads\/2022\/09\/adm.png\" alt=\"\" width=\"300\" height=\"300\" srcset=\"https:\/\/2teach-2touch.erasmus.site\/wp-content\/uploads\/2022\/09\/adm.png 300w, https:\/\/2teach-2touch.erasmus.site\/wp-content\/uploads\/2022\/09\/adm-150x150.png 150w\" sizes=\"(max-width: 300px) 100vw, 300px\" \/><\/h2>\n<h2 style=\"text-align: center;\">Archivio della Memoria &#8211; W\u0142ochy<\/h2>\n<p>Archivio della Memoria to stowarzyszenie za\u0142o\u017cone w maju 2002 roku z siedzib\u0105 w Rzymie, we W\u0142oszech. Specjalizuje si\u0119 w prowadzeniu bada\u0144 spo\u0142ecznych, historycznych, antropologicznych i rynkowych oraz w tworzeniu wysoce innowacyjnych no\u015bnik\u00f3w multimedialnych na zlecenie uniwersytet\u00f3w, instytucji publicznych i organizacji prywatnych.<br \/>\nAdM prowadzi r\u00f3wnie\u017c dzia\u0142alno\u015b\u0107 Digital Storytelling w kontek\u015bcie bada\u0144 antropologicznych, socjologicznych, historycznych i \u015brodowiskowych w celu dokumentacji, odzyskania i wzmocnienia kultur, tradycji, wiedzy lokalnej i rzeczywisto\u015bci w wi\u0119kszym stopniu zagro\u017conych marginalizacj\u0105, rozwijaj\u0105c badania, kt\u00f3re opowiadaj\u0105, poprzez s\u0142owa samych rozm\u00f3wc\u00f3w, histori\u0119 jednostki i spo\u0142eczno\u015bci w centrum kontekstu historyczno-\u015brodowiskowego, w kt\u00f3rym \u017cyj\u0105.<br \/>\nWiele projekt\u00f3w badawczych i komunikacyjnych, takich jak kampanie po\u015bwi\u0119cone kontekstowi szkolnemu i uniwersyteckiemu, zosta\u0142o opracowanych na przestrzeni lat w \u015bcis\u0142ej wsp\u00f3\u0142pracy z organizacjami publicznymi i prywatnymi, organami akademickimi i instytucjonalnymi, takimi jak Region Lazio i Gmina Rzym.<br \/>\nW 2006 roku Archivio della Memoria rozpocz\u0119\u0142o \u015bcis\u0142\u0105 wsp\u00f3\u0142prac\u0119 z Uniwersytetem Tor Vergata w zakresie planowania i realizacji Torvergata.tv, specjalnego kana\u0142u telewizji internetowej Uniwersytetu. Torvergata.tv wyprodukowa\u0142a ponad tysi\u0105c film\u00f3w, szkol\u0105c poprzez seri\u0119 sta\u017cy w zakresie komunikacji i dziennikarstwa ponad 50 student\u00f3w wybranych z sze\u015bciu wydzia\u0142\u00f3w Uniwersytetu.<\/p>\n<p>Strona internetowa: <a href=\"https:\/\/www.archiviodellamemoria.it\/\">https:\/\/www.archiviodellamemoria.it\/<\/a><\/p>\n<hr \/>\n<h2><img loading=\"lazy\" decoding=\"async\" class=\"aligncenter wp-image-95 size-full\" src=\"https:\/\/2teach-2touch.erasmus.site\/wp-content\/uploads\/2022\/09\/elc.png\" alt=\"\" width=\"300\" height=\"300\" srcset=\"https:\/\/2teach-2touch.erasmus.site\/wp-content\/uploads\/2022\/09\/elc.png 300w, https:\/\/2teach-2touch.erasmus.site\/wp-content\/uploads\/2022\/09\/elc-150x150.png 150w\" sizes=\"(max-width: 300px) 100vw, 300px\" \/><\/h2>\n<h2 style=\"text-align: center;\">\u00a0European Learning Center &#8211; Hiszpania<\/h2>\n<p>Europejskie Centrum Edukacyjne nale\u017cy do sieci czterech o\u015brodk\u00f3w szkoleniowych w wiejskim obszarze G\u00f3r Kadyksu w po\u0142udniowej Hiszpanii i biura zarz\u0105dzaj\u0105cego w Madrycie, Hiszpania. G\u0142\u00f3wne obszary naszych szkole\u0144 to nauka j\u0119zyk\u00f3w obcych, ICT oraz szkolenia zawodowe. Nasz region mo\u017cna og\u00f3lnie opisa\u0107 jako przemys\u0142owy (produkcja sk\u00f3r, rolnictwo, g\u0142\u00f3wnie), geograficznie odizolowany i z jednym z najwy\u017cszych poziom\u00f3w bezrobocia w Hiszpanii.<br \/>\nNasze instytucje pracuj\u0105 przede wszystkim z m\u0142odzie\u017c\u0105, grupami niedostatecznie reprezentowanymi, takimi jak imigranci i uchod\u017acy, ale tak\u017ce z doros\u0142ymi ze spo\u0142eczno\u015bci lokalnej i regionalnej, zainteresowanymi dalszym kszta\u0142ceniem w kontek\u015bcie nieformalnym. Otrzymywane s\u0105 \u015brodki publiczne na dofinansowanie akredytacji i certyfikacji otrzymanych szkole\u0144.<br \/>\nBycie cz\u0119\u015bci\u0105 tej wcze\u015bniej wspomnianej sieci partnerstwa prywatnego i publicznego, kt\u00f3ra pozwoli\u0142a nam na realizacj\u0119 wielu inicjatyw dotycz\u0105cych edukacji ekologicznej, integracji grup niedostatecznie reprezentowanych oraz konkretnych szkole\u0144 z zakresu umiej\u0119tno\u015bci cyfrowych, j\u0119zyk\u00f3w i integracji spo\u0142ecznej. Przez ostatnie 10 lat ELC<br \/>\nwsp\u00f3\u0142pracuje w zakresie edukacji doros\u0142ych z CEPER-7V, kt\u00f3ry jest sta\u0142\u0105 sieci\u0105 centr\u00f3w edukacji doros\u0142ych w naszym regionie. Inna wa\u017cna wsp\u00f3\u0142praca istnieje obecnie pomi\u0119dzy ELC a konsorcjum w\u0142adz lokalnych (Ratusz) &#8211; M\u0142odzie\u017cowym Biurem Informacyjnym oraz g\u0142\u00f3wnym Stowarzyszeniem M\u015aP w naszym regionie. G\u0142\u00f3wnym celem tego niedawno utworzonego konsorcjum jest zwi\u0119kszenie sukcesu w pomocy bezrobotnej m\u0142odzie\u017cy w znalezieniu pracy oraz lepsze rozpowszechnienie informacji dost\u0119pnych dla m\u0142odzie\u017cy i doros\u0142ych w naszym regionie.<\/p>\n<p>Strona internetowa: <a href=\"https:\/\/europeanlc.es\/en\/\">https:\/\/europeanlc.es\/en\/<\/a><br \/>\nFacebook: <a href=\"https:\/\/www.facebook.com\/europeanlearningcenter\">https:\/\/www.facebook.com\/europeanlearningcenter<\/a><\/p>\n<hr \/>\n<h2><img loading=\"lazy\" decoding=\"async\" class=\"wp-image-96 size-full aligncenter\" src=\"https:\/\/2teach-2touch.erasmus.site\/wp-content\/uploads\/2022\/09\/tus.png\" alt=\"\" width=\"300\" height=\"300\" srcset=\"https:\/\/2teach-2touch.erasmus.site\/wp-content\/uploads\/2022\/09\/tus.png 300w, https:\/\/2teach-2touch.erasmus.site\/wp-content\/uploads\/2022\/09\/tus-150x150.png 150w\" sizes=\"(max-width: 300px) 100vw, 300px\" \/><\/h2>\n<h2 style=\"text-align: center;\">Technological University of the Shannon &#8211; Irlandia<\/h2>\n<p>Technological University of the Shannon: Midlands Midwest &#8211; to uniwersytet z wieloma kampusami rozmieszczonymi w sze\u015bciu kolegiach w ca\u0142ym regionie Irlandii Midwest i Midlands. TUS zosta\u0142 za\u0142o\u017cony 1 pa\u017adziernika 2021 roku. Z ponad 14 500 student\u00f3w,1200 pracownik\u00f3w i kampus\u00f3w w Athlone, Clare, Limerick i Tipperary, TUS korzysta z ju\u017c silnej i \u017cywej historii edukacji i nauki w szerszym regionie, a tak\u017ce odgrywa siln\u0105 rol\u0119 w podtrzymywaniu i wzmacnianiu tej to\u017csamo\u015bci dla przysz\u0142ych pokole\u0144.<br \/>\nW TUS, mamy wyra\u017any nacisk na zaspokojenie zmieniaj\u0105cych si\u0119 potrzeb spo\u0142ecze\u0144stwa i przemys\u0142u poprzez nauk\u0119 stosowan\u0105 i innowacyjne my\u015blenie. Stawiaj\u0105c indywidualne potrzeby student\u00f3w na pierwszym miejscu, TUS priorytetowo traktuje dost\u0119pno\u015b\u0107 i mo\u017cliwo\u015bci dla wszystkich. Kiedy \u0142\u0105czymy t\u0119 filozofi\u0119 student-first z my\u015bleniem nowej generacji, mo\u017cemy pom\u00f3c nap\u0119dzi\u0107 nasz region do przodu poprzez edukacj\u0119, badania i wsp\u00f3\u0142prac\u0119 handlow\u0105.<br \/>\nZapewniaj\u0105c poda\u017c wysokiej jako\u015bci absolwent\u00f3w i dodatkowy punkt centralny dla wzrostu i innowacji, mo\u017cemy pom\u00f3c w rozwoju regionalnym zrobi\u0107 du\u017cy krok naprz\u00f3d. Ci\u0105g\u0142y nacisk na partnerstwo, innowacje i pozostawanie zwinnym pokazuje, \u017ce TUS rozumie znaczenie pracy z kluczowymi interesariuszami w ca\u0142ym przemy\u015ble i spo\u0142ecze\u0144stwie. A przy setkach kurs\u00f3w ka\u017cdego roku w czterech hrabstwach, jej historia dopiero si\u0119 zaczyna.<\/p>\n<p>Strona internetowa: <a href=\"https:\/\/tus.ie\">https:\/\/tus.ie<\/a><br \/>\nFacebook: <a href=\"https:\/\/www.facebook.com\/TUoftheShannon\">https:\/\/www.facebook.com\/TUoftheShannon<\/a><br \/>\nLinkedIn: <a href=\"https:\/\/www.linkedin.com\/school\/tus-ie\/\">https:\/\/www.linkedin.com\/school\/tus-ie\/<\/a><\/p>","protected":false},"excerpt":{"rendered":"<p>Koordynator projektu: EBB Europass Berlin Beratungsb\u00fcro GmbH &#8211; Niemcy EBB Europass Berlin Beratungsb\u00fcro GmbH jest certyfikowanym centrum szkoleniowym z siedzib\u0105 w Berlinie. EBB oferuje mi\u0119dzy innymi mi\u0119dzynarodowe szkolenia dla doros\u0142ych i pracownik\u00f3w szk\u00f3\u0142. Nasza organizacja jest ponadto aktywna w zakresie program\u00f3w mobilno\u015bci na poziomie lokalnym, regionalnym, krajowym, europejskim i mi\u0119dzynarodowym. Europass Berlin GmbH jest odpowiedzialny&hellip;&nbsp;<\/p>\n","protected":false},"author":1,"featured_media":0,"parent":0,"menu_order":0,"comment_status":"closed","ping_status":"closed","template":"","meta":{"neve_meta_sidebar":"","neve_meta_container":"","neve_meta_enable_content_width":"off","neve_meta_content_width":100,"neve_meta_title_alignment":"","neve_meta_author_avatar":"","neve_post_elements_order":"","neve_meta_disable_header":"","neve_meta_disable_footer":"","neve_meta_disable_title":"","footnotes":""},"class_list":["post-86","page","type-page","status-publish","hentry"],"_links":{"self":[{"href":"https:\/\/2teach-2touch.erasmus.site\/pl\/wp-json\/wp\/v2\/pages\/86","targetHints":{"allow":["GET"]}}],"collection":[{"href":"https:\/\/2teach-2touch.erasmus.site\/pl\/wp-json\/wp\/v2\/pages"}],"about":[{"href":"https:\/\/2teach-2touch.erasmus.site\/pl\/wp-json\/wp\/v2\/types\/page"}],"author":[{"embeddable":true,"href":"https:\/\/2teach-2touch.erasmus.site\/pl\/wp-json\/wp\/v2\/users\/1"}],"replies":[{"embeddable":true,"href":"https:\/\/2teach-2touch.erasmus.site\/pl\/wp-json\/wp\/v2\/comments?post=86"}],"version-history":[{"count":10,"href":"https:\/\/2teach-2touch.erasmus.site\/pl\/wp-json\/wp\/v2\/pages\/86\/revisions"}],"predecessor-version":[{"id":213,"href":"https:\/\/2teach-2touch.erasmus.site\/pl\/wp-json\/wp\/v2\/pages\/86\/revisions\/213"}],"wp:attachment":[{"href":"https:\/\/2teach-2touch.erasmus.site\/pl\/wp-json\/wp\/v2\/media?parent=86"}],"curies":[{"name":"wp","href":"https:\/\/api.w.org\/{rel}","templated":true}]}}