{"id":86,"date":"2022-09-16T12:25:36","date_gmt":"2022-09-16T12:25:36","guid":{"rendered":"https:\/\/2teach-2touch.erasmus.site\/?page_id=86"},"modified":"2023-08-01T18:51:04","modified_gmt":"2023-08-01T18:51:04","slug":"partnership","status":"publish","type":"page","link":"https:\/\/2teach-2touch.erasmus.site\/tr\/partnership\/","title":{"rendered":"Ortaklar"},"content":{"rendered":"<p><\/p>\n<h2><img fetchpriority=\"high\" decoding=\"async\" class=\"size-full wp-image-88 aligncenter\" src=\"https:\/\/2teach-2touch.erasmus.site\/wp-content\/uploads\/2022\/09\/europass.png\" alt=\"\" width=\"300\" height=\"300\" srcset=\"https:\/\/2teach-2touch.erasmus.site\/wp-content\/uploads\/2022\/09\/europass.png 300w, https:\/\/2teach-2touch.erasmus.site\/wp-content\/uploads\/2022\/09\/europass-150x150.png 150w\" sizes=\"(max-width: 300px) 100vw, 300px\" \/><\/h2>\n<h2 style=\"text-align: center;\">Proje koordinat\u00f6r\u00fc: EBB Europass Berlin Beratungsb\u00fcro GmbH &#8211; Almanya<\/h2>\n<p>EBB Europass Berlin Beratungsb\u00fcro GmbH, Berlin merkezli sertifikal\u0131 bir e\u011fitim merkezidir. EBB, di\u011ferlerinin yan\u0131 s\u0131ra yeti\u015fkinler ve okul personeli i\u00e7in uluslararas\u0131 e\u011fitim kurslar\u0131 sunmaktad\u0131r.<br \/>\nKurulu\u015fumuz ayr\u0131ca yerel, b\u00f6lgesel, ulusal, Avrupa ve uluslararas\u0131 d\u00fczeyde hareketlilik programlar\u0131 alan\u0131nda da aktiftir. Europass Berlin GmbH \u00f6\u011frenciler, okul personeli ve \u00e7\u0131raklar i\u00e7in mesleki e\u011fitim ve \u00f6\u011fretimden sorumludur ve onlar\u0131n mesleki, k\u00fclt\u00fcrel ve ki\u015fisel bilgilerini destekler.<br \/>\nEuropass Berlin GmbH ayn\u0131 zamanda AB \u00fclkelerinde entegrasyonlar\u0131n\u0131 ve sosyal i\u00e7ermelerini desteklemek amac\u0131yla g\u00f6\u00e7men ve g\u00f6\u00e7menlik ge\u00e7mi\u015fi olan ki\u015filere y\u00f6nelik faaliyetler ve projeler geli\u015ftirmektedir.<br \/>\nEuropass Berlin GmbH, \u00f6\u011frenciler, stajyerler, \u00f6\u011fretmenler ve yerel ve yurtd\u0131\u015f\u0131ndaki profesyoneller i\u00e7in stajlar ve e\u011fitimler arac\u0131l\u0131\u011f\u0131yla mesleki e\u011fitimi desteklemek amac\u0131yla \u00e7e\u015fitli Alman, Avrupa ve uluslararas\u0131 e\u011fitim kurumlar\u0131 ve \u015firketleri ile i\u015fbirli\u011fi i\u00e7inde hareketlilik projeleri i\u00e7in ba\u015fvuru sahibi ve ortakt\u0131r.<\/p>\n<p>Kurulu\u015fun \u00e7al\u0131\u015fmalar\u0131, ba\u015fta Erasmus+ olmak \u00fczere AB finansman programlar\u0131 taraf\u0131ndan desteklenmektedir. Europass Berlin GmbH, AB taraf\u0131ndan finanse edilen projeler i\u00e7in proje ba\u015fvuru sahibi ve ortak olarak hizmet vererek hareketlili\u011fin t\u00fcm y\u00f6nlerini ele al\u0131r.<br \/>\nEuropass Berlin GmbH ayr\u0131ca \u00f6\u011frenciler ve okul personeli i\u00e7in dil ve e\u011fitim kursu sunmaktad\u0131r.<br \/>\nOrtak AB Destek Programlar\u0131m\u0131z aras\u0131nda Erasmus+, PON ve ErasmusPro yer almaktad\u0131r.<\/p>\n<p>Web sitesi: <a href=\"https:\/\/www.europassberlin.com\/\">https:\/\/www.europassberlin.com\/<\/a><br \/>\nFacebook: <a href=\"https:\/\/www.facebook.com\/EuropassBerlinLanguageSchool\">https:\/\/www.facebook.com\/EuropassBerlinLanguageSchool<\/a><br \/>\nInstagram: <a href=\"https:\/\/www.instagram.com\/europassberlin\/\">https:\/\/www.instagram.com\/europassberlin\/<\/a><\/p>\n<hr \/>\n<h2><img decoding=\"async\" class=\"wp-image-90 size-full aligncenter\" src=\"https:\/\/2teach-2touch.erasmus.site\/wp-content\/uploads\/2022\/09\/danmar.png\" alt=\"\" width=\"300\" height=\"300\" srcset=\"https:\/\/2teach-2touch.erasmus.site\/wp-content\/uploads\/2022\/09\/danmar.png 300w, https:\/\/2teach-2touch.erasmus.site\/wp-content\/uploads\/2022\/09\/danmar-150x150.png 150w\" sizes=\"(max-width: 300px) 100vw, 300px\" \/><\/h2>\n<h2 style=\"text-align: center;\">Danmar Computers &#8211; Polonya<\/h2>\n<p>Danmar Bilgisayar, e\u011fitim ama\u00e7l\u0131 kullan\u0131lan modern web ve mobil uygulamalar geli\u015ftirme tecr\u00fcbesine sahip, Bilgi Teknolojileri alan\u0131nda faaliyet g\u00f6steren \u00f6zel bir \u015firkettir. DANMAR ayr\u0131ca, \u00e7e\u015fitli hedef gruplar\u0131n ihtiya\u00e7lar\u0131n\u0131 kar\u015f\u0131layan Avrupa projelerini ger\u00e7ekle\u015ftirmede uzun vadeli deneyime sahip bir mesleki e\u011fitim ve BT e\u011fitimi sa\u011flay\u0131c\u0131s\u0131d\u0131r. \u015eirket, 20 y\u0131l boyunca Grundtvig, Leonardo da Vinci, Progress, HORIZON2020 ve yak\u0131n zamanda Erasmus+ kapsam\u0131nda 160&#8217;\u0131n \u00fczerinde projeyi ba\u015far\u0131yla hayata ge\u00e7irdi. Bu projelerin bir\u00e7o\u011funda DANMAR, yayg\u0131nla\u015ft\u0131rma stratejilerinin tasarlanmas\u0131 ve koordine edilmesinden sorumluydu. Danmar Computers ayn\u0131 zamanda \u00e7evrimi\u00e7i Avrupa proje y\u00f6netim sistemi olan AdminProject&#8217;in geli\u015ftiricisi ve sa\u011flay\u0131c\u0131s\u0131d\u0131r.<\/p>\n<p>Danmar Computers&#8217;\u0131n misyonu, ya\u015fam boyu e\u011fitimi te\u015fvik etmek ve modern teknolojinin kullan\u0131m\u0131yla herkesin e\u011fitime e\u015fit eri\u015fimini sa\u011flamakt\u0131r.<\/p>\n<p>Web sitesi: <a href=\"https:\/\/danmar-computers.com.pl\/en\/\">https:\/\/danmar-computers.com.pl\/en\/<\/a><br \/>\nLinkedIn: <a href=\"https:\/\/www.linkedin.com\/company\/danmar-computers\">https:\/\/www.linkedin.com\/company\/danmar-computers<\/a><br \/>\nFacebook: <a href=\"https:\/\/www.facebook.com\/DanmarComputersEU\">https:\/\/www.facebook.com\/DanmarComputersEU<\/a><br \/>\nTwitter: <a href=\"https:\/\/twitter.com\/DanmarComputers\">https:\/\/twitter.com\/DanmarComputers<\/a><\/p>\n<hr \/>\n<h2><img decoding=\"async\" class=\"size-full wp-image-92 aligncenter\" src=\"https:\/\/2teach-2touch.erasmus.site\/wp-content\/uploads\/2022\/09\/sbtc.png\" alt=\"\" width=\"300\" height=\"300\" srcset=\"https:\/\/2teach-2touch.erasmus.site\/wp-content\/uploads\/2022\/09\/sbtc.png 300w, https:\/\/2teach-2touch.erasmus.site\/wp-content\/uploads\/2022\/09\/sbtc-150x150.png 150w\" sizes=\"(max-width: 300px) 100vw, 300px\" \/><\/h2>\n<h2 style=\"text-align: center;\">Solution Based Training &amp; Consultancy (SBTC) &#8211; T\u00fcrkiye<\/h2>\n<p>\u00c7\u00f6z\u00fcm Tabanl\u0131 E\u011fitim ve Dan\u0131\u015fmanl\u0131k (SBTC), ba\u011f\u0131ms\u0131z bir kuyu kontrol dan\u0131\u015fman\u0131ndan hem i\u015fverenlerin hem de \u00e7al\u0131\u015fanlar\u0131n ihtiya\u00e7lar\u0131 i\u00e7in i\u015fyerindeki de\u011fi\u015fikli\u011fin y\u00f6netilmesi konusunda tavsiye sa\u011flamaya kadar uzanan bir dizi dan\u0131\u015fmanl\u0131k hizmeti geli\u015ftirmi\u015ftir. SBTC, sosyal giri\u015fimcilik de dahil olmak \u00fczere \u00e7e\u015fitli giri\u015fimcilik alanlar\u0131na \u00f6zel \u00e7\u00f6z\u00fcmler geli\u015ftirerek hedef gruplar\u0131n\u0131n belirli sorunlar\u0131na \u00e7\u00f6z\u00fcmler sunar.<br \/>\nBu dan\u0131\u015fmanl\u0131k hizmetlerinin ana y\u00f6nleri, mesleki e\u011fitimi ve hayat boyu \u00f6\u011frenmeyi destekleme ve te\u015fvik etme; benzer kurulu\u015flarla uluslararas\u0131 i\u015fbirli\u011fini organize etmek; kamuoyunda \u00e7\u00f6z\u00fcmler geli\u015ftirmek ve te\u015fvik etmek; tan\u0131nma ve di\u011fer motivasyon bi\u00e7imleri ve k\u00fclt\u00fcrel miras yoluyla yarat\u0131c\u0131 \u00e7al\u0131\u015fmalar\u0131 te\u015fvik etmek. SBTC, m\u00fc\u015fterilerle do\u011frudan dan\u0131\u015fmanl\u0131k \u00e7al\u0131\u015fmas\u0131 sa\u011flar, kurum i\u00e7i ve halka a\u00e7\u0131k e\u011fitim kurslar\u0131 sa\u011flar ve yerel makamlar ve kurulu\u015flarla \u201cde\u011fi\u015fim\u201d dan\u0131\u015fmanl\u0131\u011f\u0131 sunar.<br \/>\nAyr\u0131ca SBTC, kendi b\u00f6lgesinde bir dan\u0131\u015fmanl\u0131k \u015firketi olarak d\u00fcnya miras\u0131m\u0131z\u0131n, k\u00fclt\u00fcr\u00fcm\u00fcz\u00fcn ve \u00e7e\u015fitlili\u011fimizin refah\u0131n\u0131 ve varl\u0131\u011f\u0131n\u0131 te\u015fvik eder ve korur. SBTC&#8217;nin hissedarlar\u0131 ve payda\u015flar\u0131, hem somut hem de somut olmayan miras projeleri i\u00e7in s\u00fcrd\u00fcr\u00fclebilir ve uzun vadeli \u00e7\u00f6z\u00fcmler sunarak, miras projelerinin \u00f6zg\u00fcnl\u00fc\u011f\u00fcn\u00fc ve b\u00fct\u00fcnl\u00fc\u011f\u00fcn\u00fc de kapsayan ger\u00e7ek sonu\u00e7lar al\u0131rlar.<\/p>\n<hr \/>\n<h2><img loading=\"lazy\" decoding=\"async\" class=\"wp-image-94 size-full aligncenter\" src=\"https:\/\/2teach-2touch.erasmus.site\/wp-content\/uploads\/2022\/09\/adm.png\" alt=\"\" width=\"300\" height=\"300\" srcset=\"https:\/\/2teach-2touch.erasmus.site\/wp-content\/uploads\/2022\/09\/adm.png 300w, https:\/\/2teach-2touch.erasmus.site\/wp-content\/uploads\/2022\/09\/adm-150x150.png 150w\" sizes=\"(max-width: 300px) 100vw, 300px\" \/><\/h2>\n<h2 style=\"text-align: center;\">Archivio della Memoria &#8211; \u0130talya<\/h2>\n<p>Archivio della Memoria, May\u0131s 2002&#8217;de kurulan ve merkezi Roma, \u0130talya&#8217;da bulunan bir k\u00fclt\u00fcr derne\u011fidir. \u00dcniversiteler, kamu kurumlar\u0131 ve \u00f6zel kurulu\u015flar ad\u0131na sosyal, tarihi, antropolojik ve pazar ara\u015ft\u0131rmalar\u0131 y\u00fcr\u00fctme ve son derece yenilik\u00e7i multimedya destekleri olu\u015fturma konusunda uzmanla\u015fm\u0131\u015ft\u0131r.<br \/>\nAdM ayr\u0131ca, marjinalle\u015fme riski daha y\u00fcksek olan k\u00fclt\u00fcrlerin, geleneklerin, yerel bilgilerin ve ger\u00e7eklerin belgelenmesi, kurtar\u0131lmas\u0131 ve geli\u015ftirilmesi i\u00e7in antropolojik, sosyolojik, tarihsel ve \u00e7evresel ara\u015ft\u0131rmalar ba\u011flam\u0131nda Dijital Hikaye Anlat\u0131m\u0131 faaliyetleri y\u00fcr\u00fct\u00fcr, ba\u015fkalar\u0131n\u0131n s\u00f6zleriyle anlatan ara\u015ft\u0131rmalar geli\u015ftirir. g\u00f6r\u00fc\u015fmecilerin kendileri, ya\u015fad\u0131klar\u0131 tarihsel-\u00e7evresel ba\u011flam\u0131n merkezindeki bireyin ve toplulu\u011fun \u00f6yk\u00fcs\u00fc.<br \/>\nOkul ve \u00fcniversite ba\u011flam\u0131na adanm\u0131\u015f kampanyalar gibi bir\u00e7ok ara\u015ft\u0131rma ve ileti\u015fim projesi, kamu ve \u00f6zel kurulu\u015flar, Lazio B\u00f6lgesi ve Roma Belediyesi gibi akademik ve kurumsal kurulu\u015flarla yak\u0131n i\u015fbirli\u011fi i\u00e7inde y\u0131llar i\u00e7inde geli\u015ftirilmi\u015ftir.<br \/>\n2006 y\u0131l\u0131nda Archivio della Memoria, \u00dcniversitenin \u00f6zel Web TV kanal\u0131 olan Torvergata.tv&#8217;nin planlanmas\u0131 ve ger\u00e7ekle\u015ftirilmesi i\u00e7in Tor Vergata \u00dcniversitesi ile yak\u0131n bir i\u015fbirli\u011fine ba\u015flad\u0131. Torvergata.tv, \u00dcniversitenin alt\u0131 fak\u00fcltesinden se\u00e7ilen 50&#8217;den fazla \u00f6\u011frenciye ileti\u015fim ve gazetecilik \u00fczerine bir dizi staj yoluyla e\u011fitim veren binden fazla video \u00fcretti.<\/p>\n<p>Web sitesi: <a href=\"https:\/\/www.archiviodellamemoria.it\/\">https:\/\/www.archiviodellamemoria.it\/<\/a><\/p>\n<hr \/>\n<h2><img loading=\"lazy\" decoding=\"async\" class=\"aligncenter wp-image-95 size-full\" src=\"https:\/\/2teach-2touch.erasmus.site\/wp-content\/uploads\/2022\/09\/elc.png\" alt=\"\" width=\"300\" height=\"300\" srcset=\"https:\/\/2teach-2touch.erasmus.site\/wp-content\/uploads\/2022\/09\/elc.png 300w, https:\/\/2teach-2touch.erasmus.site\/wp-content\/uploads\/2022\/09\/elc-150x150.png 150w\" sizes=\"(max-width: 300px) 100vw, 300px\" \/><\/h2>\n<h2 style=\"text-align: center;\">\u00a0European Learning Center &#8211; \u0130spanya<\/h2>\n<p>Avrupa \u00d6\u011frenim Merkezi, G\u00fcney \u0130spanya&#8217;daki Cadiz Da\u011flar\u0131&#8217;n\u0131n k\u0131rsal b\u00f6lgesindeki d\u00f6rt e\u011fitim merkezi ve \u0130spanya, Madrid&#8217;deki bir y\u00f6netim ofisinden olu\u015fan bir a\u011fa aittir. Ba\u015fl\u0131ca e\u011fitim alanlar\u0131m\u0131z dil \u00f6\u011frenimi, B\u0130T ve mesleki e\u011fitimdir. B\u00f6lgemiz genel olarak end\u00fcstriyel (esas olarak deri \u00fcretimi, tar\u0131m), co\u011frafi olarak yal\u0131t\u0131lm\u0131\u015f ve \u0130spanya&#8217;daki en y\u00fcksek i\u015fsizlik seviyelerinden birine sahip b\u00f6lge olarak tan\u0131mlanabilir.<br \/>\nKurumlar\u0131m\u0131z \u00f6ncelikle gen\u00e7lerle, g\u00f6\u00e7menler ve m\u00fclteciler gibi yeterince temsil edilmeyen gruplarla ve ayn\u0131 zamanda e\u011fitimlerini yayg\u0131n bir ba\u011flamda ilerletmek isteyen yerel ve b\u00f6lgesel toplumdaki yeti\u015fkinlerle \u00e7al\u0131\u015f\u0131r. Al\u0131nan e\u011fitimin akreditasyonu ve sertifikasyonu i\u00e7in kamu finansman\u0131 sa\u011flanmaktad\u0131r.<br \/>\n\u00c7evre e\u011fitimi, yeterince temsil edilmeyen gruplar\u0131n entegrasyonu ve dijital beceriler, diller ve sosyal i\u00e7erme konular\u0131nda \u00f6zel e\u011fitim ile ilgili \u00e7ok say\u0131da giri\u015fim y\u00fcr\u00fctmemize olanak tan\u0131yan, daha \u00f6nce bahsedilen bu \u00f6zel ve kamu ortakl\u0131klar\u0131 a\u011f\u0131n\u0131n bir par\u00e7as\u0131 olmak. ELC, son 10 y\u0131ld\u0131r<br \/>\nb\u00f6lgemizdeki yeti\u015fkin e\u011fitim merkezlerinin kal\u0131c\u0131 a\u011f\u0131 olan CEPER-7V ile yeti\u015fkin e\u011fitimi alanlar\u0131nda yak\u0131n i\u015fbirli\u011fi yapmaktad\u0131r. \u015eu anda ELC ile yerel y\u00f6netimlerden olu\u015fan bir konsorsiyum (Belediye Binas\u0131) &#8211; Gen\u00e7lik Bilgilendirme Ofisi ve b\u00f6lgemizdeki ba\u015fl\u0131ca KOB\u0130&#8217;ler Birli\u011fi aras\u0131nda bir ba\u015fka \u00f6nemli i\u015fbirli\u011fi mevcuttur. Yak\u0131n zamanda olu\u015fturulan bu konsorsiyumun temel amac\u0131, i\u015fsiz gen\u00e7lerin i\u015f bulmas\u0131na yard\u0131mc\u0131 olma ba\u015far\u0131s\u0131n\u0131 art\u0131rmak ve b\u00f6lgemizdeki gen\u00e7ler ve yeti\u015fkinler i\u00e7in mevcut bilgileri daha iyi yaymakt\u0131r.<\/p>\n<p>Web sitesi: <a href=\"https:\/\/europeanlc.es\/en\/\">https:\/\/europeanlc.es\/en\/<\/a><br \/>\nFacebook: <a href=\"https:\/\/www.facebook.com\/europeanlearningcenter\">https:\/\/www.facebook.com\/europeanlearningcenter<\/a><\/p>\n<hr \/>\n<h2><img loading=\"lazy\" decoding=\"async\" class=\"wp-image-96 size-full aligncenter\" src=\"https:\/\/2teach-2touch.erasmus.site\/wp-content\/uploads\/2022\/09\/tus.png\" alt=\"\" width=\"300\" height=\"300\" srcset=\"https:\/\/2teach-2touch.erasmus.site\/wp-content\/uploads\/2022\/09\/tus.png 300w, https:\/\/2teach-2touch.erasmus.site\/wp-content\/uploads\/2022\/09\/tus-150x150.png 150w\" sizes=\"(max-width: 300px) 100vw, 300px\" \/><\/h2>\n<h2 style=\"text-align: center;\">Technological University of the Shannon &#8211; \u0130rlanda<\/h2>\n<p>Shannon Teknoloji \u00dcniversitesi: Midlands Midwest &#8211; \u0130rlanda&#8217;n\u0131n Midwest ve Midlands b\u00f6lgesindeki alt\u0131 koleje yay\u0131lm\u0131\u015f \u00e7ok kamp\u00fcsl\u00fc bir \u00fcniversitedir. TUS, 1 Ekim 2021&#8217;de kuruldu. 14.500&#8217;den fazla \u00f6\u011frencisi, 1.200 personeli ve Athlone, Clare, Limerick ve Tipperary&#8217;deki kamp\u00fcsleriyle TUS, daha geni\u015f bir b\u00f6lgede zaten g\u00fc\u00e7l\u00fc ve canl\u0131 bir e\u011fitim ve \u00f6\u011frenim ge\u00e7mi\u015finden yararlan\u0131yor. gelecek nesiller i\u00e7in bu kimli\u011fin s\u00fcrd\u00fcr\u00fclmesinde ve geli\u015ftirilmesinde g\u00fc\u00e7l\u00fc bir rol oynamaktad\u0131r.<br \/>\nTUS&#8217;ta, uygulamal\u0131 \u00f6\u011frenme ve yenilik\u00e7i d\u00fc\u015f\u00fcnce yoluyla toplumun ve end\u00fcstrinin geli\u015fen ihtiya\u00e7lar\u0131n\u0131 kar\u015f\u0131lamaya net bir \u015fekilde odaklan\u0131yoruz. TUS, \u00f6\u011frencilerin bireysel ihtiya\u00e7lar\u0131n\u0131 \u00f6n plana alarak herkes i\u00e7in eri\u015filebilirli\u011fe ve f\u0131rsatlara \u00f6ncelik verir. Bu \u00f6nce \u00f6\u011frenci felsefesini gelecek nesil d\u00fc\u015f\u00fcnceyle birle\u015ftirdi\u011fimizde, b\u00f6lgemizi e\u011fitim, ara\u015ft\u0131rma ve ticari i\u015fbirli\u011fi yoluyla ileriye g\u00f6t\u00fcrmeye yard\u0131mc\u0131 olabiliriz.<br \/>\nY\u00fcksek kaliteli mezunlar ve b\u00fcy\u00fcme ve yenilik i\u00e7in ek bir odak noktas\u0131 sa\u011flayarak, b\u00f6lgesel kalk\u0131nman\u0131n ileriye do\u011fru b\u00fcy\u00fck bir ad\u0131m atmas\u0131na yard\u0131mc\u0131 olabiliriz. Ortakl\u0131\u011fa, yenili\u011fe ve \u00e7evik kalmaya s\u00fcrekli odaklanma, TUS&#8217;un end\u00fcstri ve toplum genelinde kilit payda\u015flarla \u00e7al\u0131\u015fman\u0131n \u00f6nemini anlad\u0131\u011f\u0131n\u0131 g\u00f6steriyor. Ve her y\u0131l d\u00f6rt il\u00e7ede y\u00fczlerce kursla, hikayesi daha yeni ba\u015flad\u0131.<\/p>\n<p>Web sitesi: <a href=\"https:\/\/tus.ie\">https:\/\/tus.ie<\/a><br \/>\nFacebook: <a href=\"https:\/\/www.facebook.com\/TUoftheShannon\">https:\/\/www.facebook.com\/TUoftheShannon<\/a><br \/>\nLinkedIn: <a href=\"https:\/\/www.linkedin.com\/school\/tus-ie\/\">https:\/\/www.linkedin.com\/school\/tus-ie\/<\/a><\/p>\n<p>&nbsp;<\/p>","protected":false},"excerpt":{"rendered":"<p>Proje koordinat\u00f6r\u00fc: EBB Europass Berlin Beratungsb\u00fcro GmbH &#8211; Almanya EBB Europass Berlin Beratungsb\u00fcro GmbH, Berlin merkezli sertifikal\u0131 bir e\u011fitim merkezidir. EBB, di\u011ferlerinin yan\u0131 s\u0131ra yeti\u015fkinler ve okul personeli i\u00e7in uluslararas\u0131 e\u011fitim kurslar\u0131 sunmaktad\u0131r. Kurulu\u015fumuz ayr\u0131ca yerel, b\u00f6lgesel, ulusal, Avrupa ve uluslararas\u0131 d\u00fczeyde hareketlilik programlar\u0131 alan\u0131nda da aktiftir. Europass Berlin GmbH \u00f6\u011frenciler, okul personeli ve \u00e7\u0131raklar&hellip;&nbsp;<\/p>\n","protected":false},"author":1,"featured_media":0,"parent":0,"menu_order":0,"comment_status":"closed","ping_status":"closed","template":"","meta":{"neve_meta_sidebar":"","neve_meta_container":"","neve_meta_enable_content_width":"off","neve_meta_content_width":100,"neve_meta_title_alignment":"","neve_meta_author_avatar":"","neve_post_elements_order":"","neve_meta_disable_header":"","neve_meta_disable_footer":"","neve_meta_disable_title":"","footnotes":""},"class_list":["post-86","page","type-page","status-publish","hentry"],"_links":{"self":[{"href":"https:\/\/2teach-2touch.erasmus.site\/tr\/wp-json\/wp\/v2\/pages\/86","targetHints":{"allow":["GET"]}}],"collection":[{"href":"https:\/\/2teach-2touch.erasmus.site\/tr\/wp-json\/wp\/v2\/pages"}],"about":[{"href":"https:\/\/2teach-2touch.erasmus.site\/tr\/wp-json\/wp\/v2\/types\/page"}],"author":[{"embeddable":true,"href":"https:\/\/2teach-2touch.erasmus.site\/tr\/wp-json\/wp\/v2\/users\/1"}],"replies":[{"embeddable":true,"href":"https:\/\/2teach-2touch.erasmus.site\/tr\/wp-json\/wp\/v2\/comments?post=86"}],"version-history":[{"count":10,"href":"https:\/\/2teach-2touch.erasmus.site\/tr\/wp-json\/wp\/v2\/pages\/86\/revisions"}],"predecessor-version":[{"id":213,"href":"https:\/\/2teach-2touch.erasmus.site\/tr\/wp-json\/wp\/v2\/pages\/86\/revisions\/213"}],"wp:attachment":[{"href":"https:\/\/2teach-2touch.erasmus.site\/tr\/wp-json\/wp\/v2\/media?parent=86"}],"curies":[{"name":"wp","href":"https:\/\/api.w.org\/{rel}","templated":true}]}}